{"id":4377,"date":"2022-06-23T22:44:45","date_gmt":"2022-06-23T20:44:45","guid":{"rendered":"https:\/\/sagascience.com\/oceans\/?page_id=4377"},"modified":"2022-06-27T15:14:23","modified_gmt":"2022-06-27T13:14:23","slug":"accessibilite","status":"publish","type":"page","link":"https:\/\/sagascience.com\/oceans\/accessibilite\/","title":{"rendered":"accessibilit\u00e9"},"content":{"rendered":"\t\t<div data-elementor-type=\"wp-page\" data-elementor-id=\"4377\" class=\"elementor elementor-4377\" data-elementor-settings=\"[]\">\n\t\t\t\t\t\t\t<div class=\"elementor-section-wrap\">\n\t\t\t\t\t\t\t<section class=\"elementor-section elementor-top-section elementor-element elementor-element-4ffd6b3 elementor-section-full_width bg-gray-4 container-fluid elementor-section-height-default elementor-section-height-default\" data-id=\"4ffd6b3\" data-element_type=\"section\" id=\"0-0\" data-settings=\"{&quot;theme_section_color&quot;:&quot;bg-gray-4&quot;,&quot;background_background&quot;:&quot;classic&quot;,&quot;shape_divider_top&quot;:&quot;mountains&quot;}\">\n\t\t\t\t\t<div class=\"elementor-shape elementor-shape-top\" data-negative=\"false\">\n\t\t\t<svg xmlns=\"http:\/\/www.w3.org\/2000\/svg\" viewBox=\"0 0 1000 100\" preserveAspectRatio=\"none\">\n\t<path class=\"elementor-shape-fill\" opacity=\"0.33\" d=\"M473,67.3c-203.9,88.3-263.1-34-320.3,0C66,119.1,0,59.7,0,59.7V0h1000v59.7 c0,0-62.1,26.1-94.9,29.3c-32.8,3.3-62.8-12.3-75.8-22.1C806,49.6,745.3,8.7,694.9,4.7S492.4,59,473,67.3z\"\/>\n\t<path class=\"elementor-shape-fill\" opacity=\"0.66\" d=\"M734,67.3c-45.5,0-77.2-23.2-129.1-39.1c-28.6-8.7-150.3-10.1-254,39.1 s-91.7-34.4-149.2,0C115.7,118.3,0,39.8,0,39.8V0h1000v36.5c0,0-28.2-18.5-92.1-18.5C810.2,18.1,775.7,67.3,734,67.3z\"\/>\n\t<path class=\"elementor-shape-fill\" d=\"M766.1,28.9c-200-57.5-266,65.5-395.1,19.5C242,1.8,242,5.4,184.8,20.6C128,35.8,132.3,44.9,89.9,52.5C28.6,63.7,0,0,0,0 h1000c0,0-9.9,40.9-83.6,48.1S829.6,47,766.1,28.9z\"\/>\n<\/svg>\t\t<\/div>\n\t\t\t\t\t<div class=\"elementor-container elementor-column-gap-no\">\n\t\t\t\t\t<div class=\"elementor-column elementor-col-100 elementor-top-column elementor-element elementor-element-1087374\" data-id=\"1087374\" data-element_type=\"column\" data-settings=\"{&quot;background_background&quot;:&quot;classic&quot;}\">\n\t\t\t<div class=\"elementor-widget-wrap elementor-element-populated\">\n\t\t\t\t\t\t\t\t<section class=\"elementor-section elementor-inner-section elementor-element elementor-element-49c3ee2 mb-small pt-small pb-small elementor-section-boxed elementor-section-height-default elementor-section-height-default\" data-id=\"49c3ee2\" data-element_type=\"section\" data-settings=\"{&quot;theme_remove_top_bottom_gaps&quot;:&quot;yes&quot;,&quot;background_background&quot;:&quot;classic&quot;}\">\n\t\t\t\t\t\t<div class=\"elementor-container elementor-column-gap-wide\">\n\t\t\t\t\t<div class=\"elementor-column elementor-col-100 elementor-inner-column elementor-element elementor-element-952cf39\" data-id=\"952cf39\" data-element_type=\"column\" data-settings=\"{&quot;background_background&quot;:&quot;classic&quot;}\">\n\t\t\t<div class=\"elementor-widget-wrap elementor-element-populated\">\n\t\t\t\t\t\t\t\t<div class=\"elementor-element elementor-element-f31a439 elementor-widget elementor-widget-spacer\" data-id=\"f31a439\" data-element_type=\"widget\" data-widget_type=\"spacer.default\">\n\t\t\t\t<div class=\"elementor-widget-container\">\n\t\t\t\t\t<div class=\"elementor-spacer\">\n\t\t\t<div class=\"elementor-spacer-inner\"><\/div>\n\t\t<\/div>\n\t\t\t\t<\/div>\n\t\t\t\t<\/div>\n\t\t\t\t<div class=\"elementor-element elementor-element-d97a415 elementor-widget elementor-widget-kinsey-widget-content-block\" data-id=\"d97a415\" data-element_type=\"widget\" data-widget_type=\"kinsey-widget-content-block.default\">\n\t\t\t\t<div class=\"elementor-widget-container\">\n\t\t\t\t\t<div class=\"section section-content\">\n\t\t\t\t\t\t<div class=\"section-content__content content arts-split-text js-arts-split-text\" data-arts-split-text=\"lines\" data-arts-split-text-set=\"lines\" data-arts-split-text-overflow-wrap=\"lines\" data-arts-os-animation=\"true\" data-arts-os-animation-name=\"animateText\"><h4 style=\"text-align: left;\">Identit\u00e9 du d\u00e9clarant<\/h4><p style=\"text-align: left;\"><strong>CNRS<\/strong><br \/>Direction de la communication<br \/>3, rue Michel-Ange<br \/>75794 Paris cedex 16 \u2013 France<\/p><h4 style=\"text-align: left;\">D\u00e9rogations<\/h4><p style=\"text-align: left;\"><strong>Droit \u00e0 la compensation<\/strong><br \/>Il est important de rappeler qu\u2019en vertu de l\u2019article 11 de la loi de f\u00e9vrier 2005 : la personne handicap\u00e9e a droit \u00e0 la compensation des cons\u00e9quences de son handicap, quels que soient l\u2019origine et la nature de sa d\u00e9ficience, son \u00e2ge ou son mode de vie.<\/p><p style=\"text-align: left;\">De ce fait, chaque organisme a l\u2019obligation de prendre les moyens n\u00e9cessaires afin de donner acc\u00e8s, dans un d\u00e9lai raisonnable, aux informations et fonctionnalit\u00e9s recherch\u00e9es par la personne handicap\u00e9e, que le contenu fasse l\u2019objet d\u2019une d\u00e9rogation ou non. La possibilit\u00e9 de demander un contenu alternatif accessible doit \u00eatre offerte \u00e0 l\u2019utilisateur sur la page d\u2019aide via un moyen de contact accessible (adresse \u00e9lectronique ou formulaire de contact).<\/p><p style=\"text-align: left;\"><strong>Am\u00e9lioration et contact<\/strong><br \/>Afin d\u2019apporter une aide aux internautes pr\u00e9sentant des difficult\u00e9s ou des handicaps qui emp\u00eachent une utilisation optimale du site, nous avons install\u00e9 sur notre serveur le service Orange confort +.<\/p><p><a href=\"https:\/\/sagascience.com\/oceans\/wp-content\/uploads\/2022\/06\/confortplus.gif\"><img loading=\"lazy\" class=\"size-full wp-image-4758 alignnone\" src=\"https:\/\/sagascience.com\/oceans\/wp-content\/uploads\/2022\/06\/confortplus.gif\" alt=\"\" width=\"130\" height=\"38\" \/><\/a><\/p><p style=\"text-align: left;\">Cr\u00e9\u00e9 par Orange, ce service propose une interface qui donne la possibilit\u00e9 \u00e0 l\u2019utilisateur de modifier l\u2019apparence du site ou bien d\u2019utiliser des aides \u00e0 la lecture et \u00e0 la navigation.<br \/>Pour en savoir plus sur Orange Confort +, vous pouvez vous rendre sur\u00a0<span style=\"text-decoration: underline;\"><a href=\"https:\/\/www.concours-preuve-image.fr\/aide\/\" target=\"_blank\" rel=\"noreferrer noopener\" aria-label=\"notre page d\u2019aide (s\u2019ouvre dans un nouvel onglet)\">notre page d\u2019aide<\/a><\/span>.<br \/>Vous pouvez nous aider \u00e0 am\u00e9liorer l\u2019accessibilit\u00e9 du site en nous signalant les probl\u00e8mes \u00e9ventuels que vous rencontrez. Pour ce faire, envoyez-nous un message \u00e0 partir du\u00a0<a href=\"https:\/\/sagascience.com\/mendeleiev\/contact\/\" target=\"_blank\" rel=\"noreferrer noopener\" aria-label=\"formulaire de contact (s\u2019ouvre dans un nouvel onglet)\">formulaire de contact<\/a>.<\/p><p style=\"text-align: left;\"><strong>D\u00e9fenseur des droits<\/strong><br \/>Si vous constatiez un d\u00e9faut d\u2019accessibilit\u00e9 vous emp\u00eachant d\u2019acc\u00e9der \u00e0 un contenu ou une fonctionnalit\u00e9 du site, que vous nous le signaliez et que vous ne parveniez pas \u00e0 obtenir une r\u00e9ponse rapide de notre part, vous \u00eates en droit de faire parvenir vos dol\u00e9ances ou demande de saisine \u00e0 :<\/p><p style=\"text-align: left;\">Le d\u00e9fenseur des droits<br \/>7 rue Saint-Florentin 75409 Paris cedex 08<br \/>T\u00e9l\u00e9phone : 09 69 39 00 00<\/p><p style=\"text-align: left;\"><a href=\"https:\/\/www.defenseurdesdroits.fr\/contact\">Contacter le d\u00e9fenseur des droits via le <span style=\"text-decoration: underline;\">formulaire en ligne<\/span><\/a><span style=\"text-decoration: underline;\">.<\/span><\/p><\/div>\n\t\t\t\t\t<\/div>\n\t\t\t\t<\/div>\n\t\t\t\t<\/div>\n\t\t\t\t<div class=\"elementor-element elementor-element-8553ddb elementor-widget-divider--view-line elementor-widget elementor-widget-divider\" data-id=\"8553ddb\" data-element_type=\"widget\" data-widget_type=\"divider.default\">\n\t\t\t\t<div class=\"elementor-widget-container\">\n\t\t\t<style>\/*! elementor - v3.5.6 - 28-02-2022 *\/\n.elementor-widget-divider{--divider-border-style:none;--divider-border-width:1px;--divider-color:#2c2c2c;--divider-icon-size:20px;--divider-element-spacing:10px;--divider-pattern-height:24px;--divider-pattern-size:20px;--divider-pattern-url:none;--divider-pattern-repeat:repeat-x}.elementor-widget-divider .elementor-divider{display:-webkit-box;display:-ms-flexbox;display:flex}.elementor-widget-divider .elementor-divider__text{font-size:15px;line-height:1;max-width:95%}.elementor-widget-divider .elementor-divider__element{margin:0 var(--divider-element-spacing);-ms-flex-negative:0;flex-shrink:0}.elementor-widget-divider .elementor-icon{font-size:var(--divider-icon-size)}.elementor-widget-divider .elementor-divider-separator{display:-webkit-box;display:-ms-flexbox;display:flex;margin:0;direction:ltr}.elementor-widget-divider--view-line_icon .elementor-divider-separator,.elementor-widget-divider--view-line_text .elementor-divider-separator{-webkit-box-align:center;-ms-flex-align:center;align-items:center}.elementor-widget-divider--view-line_icon .elementor-divider-separator:after,.elementor-widget-divider--view-line_icon .elementor-divider-separator:before,.elementor-widget-divider--view-line_text .elementor-divider-separator:after,.elementor-widget-divider--view-line_text .elementor-divider-separator:before{display:block;content:\"\";border-bottom:0;-webkit-box-flex:1;-ms-flex-positive:1;flex-grow:1;border-top:var(--divider-border-width) var(--divider-border-style) var(--divider-color)}.elementor-widget-divider--element-align-left .elementor-divider .elementor-divider-separator>.elementor-divider__svg:first-of-type{-webkit-box-flex:0;-ms-flex-positive:0;flex-grow:0;-ms-flex-negative:100;flex-shrink:100}.elementor-widget-divider--element-align-left .elementor-divider-separator:before{content:none}.elementor-widget-divider--element-align-left .elementor-divider__element{margin-left:0}.elementor-widget-divider--element-align-right .elementor-divider .elementor-divider-separator>.elementor-divider__svg:last-of-type{-webkit-box-flex:0;-ms-flex-positive:0;flex-grow:0;-ms-flex-negative:100;flex-shrink:100}.elementor-widget-divider--element-align-right .elementor-divider-separator:after{content:none}.elementor-widget-divider--element-align-right .elementor-divider__element{margin-right:0}.elementor-widget-divider:not(.elementor-widget-divider--view-line_text):not(.elementor-widget-divider--view-line_icon) .elementor-divider-separator{border-top:var(--divider-border-width) var(--divider-border-style) var(--divider-color)}.elementor-widget-divider--separator-type-pattern{--divider-border-style:none}.elementor-widget-divider--separator-type-pattern.elementor-widget-divider--view-line .elementor-divider-separator,.elementor-widget-divider--separator-type-pattern:not(.elementor-widget-divider--view-line) .elementor-divider-separator:after,.elementor-widget-divider--separator-type-pattern:not(.elementor-widget-divider--view-line) .elementor-divider-separator:before,.elementor-widget-divider--separator-type-pattern:not([class*=elementor-widget-divider--view]) .elementor-divider-separator{width:100%;min-height:var(--divider-pattern-height);-webkit-mask-size:var(--divider-pattern-size) 100%;mask-size:var(--divider-pattern-size) 100%;-webkit-mask-repeat:var(--divider-pattern-repeat);mask-repeat:var(--divider-pattern-repeat);background-color:var(--divider-color);-webkit-mask-image:var(--divider-pattern-url);mask-image:var(--divider-pattern-url)}.elementor-widget-divider--no-spacing{--divider-pattern-size:auto}.elementor-widget-divider--bg-round{--divider-pattern-repeat:round}.rtl .elementor-widget-divider .elementor-divider__text{direction:rtl}<\/style>\t\t<div class=\"elementor-divider\">\n\t\t\t<span class=\"elementor-divider-separator\">\n\t\t\t\t\t\t<\/span>\n\t\t<\/div>\n\t\t\t\t<\/div>\n\t\t\t\t<\/div>\n\t\t\t\t<div class=\"elementor-element elementor-element-5963b09 elementor-widget elementor-widget-spacer\" data-id=\"5963b09\" data-element_type=\"widget\" data-widget_type=\"spacer.default\">\n\t\t\t\t<div class=\"elementor-widget-container\">\n\t\t\t\t\t<div class=\"elementor-spacer\">\n\t\t\t<div class=\"elementor-spacer-inner\"><\/div>\n\t\t<\/div>\n\t\t\t\t<\/div>\n\t\t\t\t<\/div>\n\t\t\t\t\t<\/div>\n\t\t<\/div>\n\t\t\t\t\t\t\t<\/div>\n\t\t<\/section>\n\t\t\t\t<div class=\"elementor-element elementor-element-0c2c863 zoom elementor-widget elementor-widget-html\" data-id=\"0c2c863\" data-element_type=\"widget\" data-widget_type=\"html.default\">\n\t\t\t\t<div class=\"elementor-widget-container\">\n\t\t\t<input type=\"button\" value=\"Zoomer +\" onClick=\"document.body.style.zoom=1.5\"> <input type=\"button\" value=\"Taille normale\" onClick=\"document.body.style.zoom=1\">\t\t<\/div>\n\t\t\t\t<\/div>\n\t\t\t\t\t<\/div>\n\t\t<\/div>\n\t\t\t\t\t\t\t<\/div>\n\t\t<\/section>\n\t\t\t\t\t\t<\/div>\n\t\t\t\t\t<\/div>\n\t\t","protected":false},"excerpt":{"rendered":"<p>Identit\u00e9 du d\u00e9clarant CNRSDirection de la communication3, rue Michel-Ange75794 Paris cedex 16 \u2013 France D\u00e9rogations Droit \u00e0 la compensationIl est important de rappeler qu\u2019en vertu de l\u2019article 11 de la loi de f\u00e9vrier 2005 : la personne handicap\u00e9e a droit \u00e0 la compensation des cons\u00e9quences de son handicap, quels que soient l\u2019origine et la nature [&hellip;]<\/p>\n","protected":false},"author":1,"featured_media":0,"parent":0,"menu_order":0,"comment_status":"closed","ping_status":"closed","template":"","meta":[],"acf":[],"_links":{"self":[{"href":"https:\/\/sagascience.com\/oceans\/wp-json\/wp\/v2\/pages\/4377"}],"collection":[{"href":"https:\/\/sagascience.com\/oceans\/wp-json\/wp\/v2\/pages"}],"about":[{"href":"https:\/\/sagascience.com\/oceans\/wp-json\/wp\/v2\/types\/page"}],"author":[{"embeddable":true,"href":"https:\/\/sagascience.com\/oceans\/wp-json\/wp\/v2\/users\/1"}],"replies":[{"embeddable":true,"href":"https:\/\/sagascience.com\/oceans\/wp-json\/wp\/v2\/comments?post=4377"}],"version-history":[{"count":23,"href":"https:\/\/sagascience.com\/oceans\/wp-json\/wp\/v2\/pages\/4377\/revisions"}],"predecessor-version":[{"id":4777,"href":"https:\/\/sagascience.com\/oceans\/wp-json\/wp\/v2\/pages\/4377\/revisions\/4777"}],"wp:attachment":[{"href":"https:\/\/sagascience.com\/oceans\/wp-json\/wp\/v2\/media?parent=4377"}],"curies":[{"name":"wp","href":"https:\/\/api.w.org\/{rel}","templated":true}]}}