{"id":4350,"date":"2022-06-23T22:12:06","date_gmt":"2022-06-23T20:12:06","guid":{"rendered":"https:\/\/sagascience.com\/oceans\/?page_id=4350"},"modified":"2022-06-24T18:48:09","modified_gmt":"2022-06-24T16:48:09","slug":"rgpd","status":"publish","type":"page","link":"https:\/\/sagascience.com\/oceans\/rgpd\/","title":{"rendered":"rgpd"},"content":{"rendered":"\t\t<div data-elementor-type=\"wp-page\" data-elementor-id=\"4350\" class=\"elementor elementor-4350\" data-elementor-settings=\"[]\">\n\t\t\t\t\t\t\t<div class=\"elementor-section-wrap\">\n\t\t\t\t\t\t\t<section class=\"elementor-section elementor-top-section elementor-element elementor-element-4ffd6b3 elementor-section-full_width bg-gray-4 container-fluid elementor-section-height-default elementor-section-height-default\" data-id=\"4ffd6b3\" data-element_type=\"section\" id=\"0-0\" data-settings=\"{&quot;theme_section_color&quot;:&quot;bg-gray-4&quot;,&quot;background_background&quot;:&quot;classic&quot;,&quot;shape_divider_top&quot;:&quot;mountains&quot;}\">\n\t\t\t\t\t<div class=\"elementor-shape elementor-shape-top\" data-negative=\"false\">\n\t\t\t<svg xmlns=\"http:\/\/www.w3.org\/2000\/svg\" viewBox=\"0 0 1000 100\" preserveAspectRatio=\"none\">\n\t<path class=\"elementor-shape-fill\" opacity=\"0.33\" d=\"M473,67.3c-203.9,88.3-263.1-34-320.3,0C66,119.1,0,59.7,0,59.7V0h1000v59.7 c0,0-62.1,26.1-94.9,29.3c-32.8,3.3-62.8-12.3-75.8-22.1C806,49.6,745.3,8.7,694.9,4.7S492.4,59,473,67.3z\"\/>\n\t<path class=\"elementor-shape-fill\" opacity=\"0.66\" d=\"M734,67.3c-45.5,0-77.2-23.2-129.1-39.1c-28.6-8.7-150.3-10.1-254,39.1 s-91.7-34.4-149.2,0C115.7,118.3,0,39.8,0,39.8V0h1000v36.5c0,0-28.2-18.5-92.1-18.5C810.2,18.1,775.7,67.3,734,67.3z\"\/>\n\t<path class=\"elementor-shape-fill\" d=\"M766.1,28.9c-200-57.5-266,65.5-395.1,19.5C242,1.8,242,5.4,184.8,20.6C128,35.8,132.3,44.9,89.9,52.5C28.6,63.7,0,0,0,0 h1000c0,0-9.9,40.9-83.6,48.1S829.6,47,766.1,28.9z\"\/>\n<\/svg>\t\t<\/div>\n\t\t\t\t\t<div class=\"elementor-container elementor-column-gap-no\">\n\t\t\t\t\t<div class=\"elementor-column elementor-col-100 elementor-top-column elementor-element elementor-element-1087374\" data-id=\"1087374\" data-element_type=\"column\" data-settings=\"{&quot;background_background&quot;:&quot;classic&quot;}\">\n\t\t\t<div class=\"elementor-widget-wrap elementor-element-populated\">\n\t\t\t\t\t\t\t\t<section class=\"elementor-section elementor-inner-section elementor-element elementor-element-49c3ee2 mb-small pt-small pb-small elementor-section-boxed elementor-section-height-default elementor-section-height-default\" data-id=\"49c3ee2\" data-element_type=\"section\" data-settings=\"{&quot;theme_remove_top_bottom_gaps&quot;:&quot;yes&quot;,&quot;background_background&quot;:&quot;classic&quot;}\">\n\t\t\t\t\t\t<div class=\"elementor-container elementor-column-gap-wide\">\n\t\t\t\t\t<div class=\"elementor-column elementor-col-100 elementor-inner-column elementor-element elementor-element-952cf39\" data-id=\"952cf39\" data-element_type=\"column\" data-settings=\"{&quot;background_background&quot;:&quot;classic&quot;}\">\n\t\t\t<div class=\"elementor-widget-wrap elementor-element-populated\">\n\t\t\t\t\t\t\t\t<div class=\"elementor-element elementor-element-f31a439 elementor-widget elementor-widget-spacer\" data-id=\"f31a439\" data-element_type=\"widget\" data-widget_type=\"spacer.default\">\n\t\t\t\t<div class=\"elementor-widget-container\">\n\t\t\t\t\t<div class=\"elementor-spacer\">\n\t\t\t<div class=\"elementor-spacer-inner\"><\/div>\n\t\t<\/div>\n\t\t\t\t<\/div>\n\t\t\t\t<\/div>\n\t\t\t\t<div class=\"elementor-element elementor-element-2dbe8fe elementor-widget elementor-widget-kinsey-widget-content-block\" data-id=\"2dbe8fe\" data-element_type=\"widget\" data-widget_type=\"kinsey-widget-content-block.default\">\n\t\t\t\t<div class=\"elementor-widget-container\">\n\t\t\t\t\t<div class=\"section section-content\">\n\t\t\t\t\t\t<div class=\"section-content__content content arts-split-text js-arts-split-text\" data-arts-split-text=\"lines\" data-arts-split-text-set=\"lines\" data-arts-split-text-overflow-wrap=\"lines\" data-arts-os-animation=\"true\" data-arts-os-animation-name=\"animateText\"><h5 style=\"line-height: 36px; text-align: center;\">R\u00e8glement g\u00e9n\u00e9ral sur la protection des donn\u00e9es (RGPD)<\/h5><\/div>\n\t\t\t\t\t<\/div>\n\t\t\t\t<\/div>\n\t\t\t\t<\/div>\n\t\t\t\t<div class=\"elementor-element elementor-element-b47e1be elementor-widget-divider--view-line elementor-widget elementor-widget-divider\" data-id=\"b47e1be\" data-element_type=\"widget\" data-widget_type=\"divider.default\">\n\t\t\t\t<div class=\"elementor-widget-container\">\n\t\t\t<style>\/*! elementor - v3.5.6 - 28-02-2022 *\/\n.elementor-widget-divider{--divider-border-style:none;--divider-border-width:1px;--divider-color:#2c2c2c;--divider-icon-size:20px;--divider-element-spacing:10px;--divider-pattern-height:24px;--divider-pattern-size:20px;--divider-pattern-url:none;--divider-pattern-repeat:repeat-x}.elementor-widget-divider .elementor-divider{display:-webkit-box;display:-ms-flexbox;display:flex}.elementor-widget-divider .elementor-divider__text{font-size:15px;line-height:1;max-width:95%}.elementor-widget-divider .elementor-divider__element{margin:0 var(--divider-element-spacing);-ms-flex-negative:0;flex-shrink:0}.elementor-widget-divider .elementor-icon{font-size:var(--divider-icon-size)}.elementor-widget-divider .elementor-divider-separator{display:-webkit-box;display:-ms-flexbox;display:flex;margin:0;direction:ltr}.elementor-widget-divider--view-line_icon .elementor-divider-separator,.elementor-widget-divider--view-line_text .elementor-divider-separator{-webkit-box-align:center;-ms-flex-align:center;align-items:center}.elementor-widget-divider--view-line_icon .elementor-divider-separator:after,.elementor-widget-divider--view-line_icon .elementor-divider-separator:before,.elementor-widget-divider--view-line_text .elementor-divider-separator:after,.elementor-widget-divider--view-line_text .elementor-divider-separator:before{display:block;content:\"\";border-bottom:0;-webkit-box-flex:1;-ms-flex-positive:1;flex-grow:1;border-top:var(--divider-border-width) var(--divider-border-style) var(--divider-color)}.elementor-widget-divider--element-align-left .elementor-divider .elementor-divider-separator>.elementor-divider__svg:first-of-type{-webkit-box-flex:0;-ms-flex-positive:0;flex-grow:0;-ms-flex-negative:100;flex-shrink:100}.elementor-widget-divider--element-align-left .elementor-divider-separator:before{content:none}.elementor-widget-divider--element-align-left .elementor-divider__element{margin-left:0}.elementor-widget-divider--element-align-right .elementor-divider .elementor-divider-separator>.elementor-divider__svg:last-of-type{-webkit-box-flex:0;-ms-flex-positive:0;flex-grow:0;-ms-flex-negative:100;flex-shrink:100}.elementor-widget-divider--element-align-right .elementor-divider-separator:after{content:none}.elementor-widget-divider--element-align-right .elementor-divider__element{margin-right:0}.elementor-widget-divider:not(.elementor-widget-divider--view-line_text):not(.elementor-widget-divider--view-line_icon) .elementor-divider-separator{border-top:var(--divider-border-width) var(--divider-border-style) var(--divider-color)}.elementor-widget-divider--separator-type-pattern{--divider-border-style:none}.elementor-widget-divider--separator-type-pattern.elementor-widget-divider--view-line .elementor-divider-separator,.elementor-widget-divider--separator-type-pattern:not(.elementor-widget-divider--view-line) .elementor-divider-separator:after,.elementor-widget-divider--separator-type-pattern:not(.elementor-widget-divider--view-line) .elementor-divider-separator:before,.elementor-widget-divider--separator-type-pattern:not([class*=elementor-widget-divider--view]) .elementor-divider-separator{width:100%;min-height:var(--divider-pattern-height);-webkit-mask-size:var(--divider-pattern-size) 100%;mask-size:var(--divider-pattern-size) 100%;-webkit-mask-repeat:var(--divider-pattern-repeat);mask-repeat:var(--divider-pattern-repeat);background-color:var(--divider-color);-webkit-mask-image:var(--divider-pattern-url);mask-image:var(--divider-pattern-url)}.elementor-widget-divider--no-spacing{--divider-pattern-size:auto}.elementor-widget-divider--bg-round{--divider-pattern-repeat:round}.rtl .elementor-widget-divider .elementor-divider__text{direction:rtl}<\/style>\t\t<div class=\"elementor-divider\">\n\t\t\t<span class=\"elementor-divider-separator\">\n\t\t\t\t\t\t<\/span>\n\t\t<\/div>\n\t\t\t\t<\/div>\n\t\t\t\t<\/div>\n\t\t\t\t<div class=\"elementor-element elementor-element-0bd3724 elementor-widget elementor-widget-spacer\" data-id=\"0bd3724\" data-element_type=\"widget\" data-widget_type=\"spacer.default\">\n\t\t\t\t<div class=\"elementor-widget-container\">\n\t\t\t\t\t<div class=\"elementor-spacer\">\n\t\t\t<div class=\"elementor-spacer-inner\"><\/div>\n\t\t<\/div>\n\t\t\t\t<\/div>\n\t\t\t\t<\/div>\n\t\t\t\t<div class=\"elementor-element elementor-element-d97a415 elementor-widget elementor-widget-kinsey-widget-content-block\" data-id=\"d97a415\" data-element_type=\"widget\" data-widget_type=\"kinsey-widget-content-block.default\">\n\t\t\t\t<div class=\"elementor-widget-container\">\n\t\t\t\t\t<div class=\"section section-content\">\n\t\t\t\t\t\t<div class=\"section-content__content content arts-split-text js-arts-split-text\" data-arts-split-text=\"lines\" data-arts-split-text-set=\"lines\" data-arts-split-text-overflow-wrap=\"lines\" data-arts-os-animation=\"true\" data-arts-os-animation-name=\"animateText\"><p style=\"text-align: left;\">Le CNRS, en sa qualit\u00e9 de responsable de traitement, vous informe que vos donn\u00e9es font l\u2019objet d\u2019un traitement.<\/p><p style=\"text-align: left;\">Lorsque certaines informations sont obligatoires pour acc\u00e9der \u00e0 des fonctionnalit\u00e9s sp\u00e9cifiques du site, ce caract\u00e8re obligatoire est indiqu\u00e9 au moment de la collecte de la saisie des donn\u00e9es.<\/p><p style=\"text-align: left;\">En cas de refus de votre part de fournir des informations obligatoires, vous pourriez ne pas avoir acc\u00e8s \u00e0 certains services.<\/p><h5 style=\"text-align: left;\">Donn\u00e9es \u00e0 caract\u00e8re personnel enregistr\u00e9es<\/h5><p style=\"text-align: left;\">Le CNRS, en sa qualit\u00e9 de responsable de traitement, vous informe que vos donn\u00e9es font l\u2019objet d\u2019un traitement.<br \/>Des donn\u00e9es \u00e0 caract\u00e8re personnel sont susceptibles d\u2019\u00eatre collect\u00e9es par la Direction de la communication du CNRS, 3 rue Michel-Ange, 75016 PARIS ainsi que par la DPD (d\u00e9l\u00e9gu\u00e9e \u00e0 la protection des donn\u00e9es), 17, rue notre Dame des Pauvres, 54 519 VANDOEUVRE L\u00c8S NANCY Cedex.<\/p><p style=\"text-align: left;\"><strong>Type de donn\u00e9es collect\u00e9es :<\/strong><\/p><p style=\"text-align: left;\">\u2022 Cookie<br \/>\u2022 Adresse IP anonymis\u00e9e<\/p><p style=\"text-align: center;\">____<\/p><p style=\"text-align: center;\"><p id=\"matomo_opted_out_intro\" style=\"display:none;\">Opt-out complete; your visits to this website will not be recorded by the Web Analytics tool. Note that if you clear your cookies, delete the opt-out cookie, or if you change computers or Web browsers, you will need to perform the opt-out procedure again.<\/p><p id=\"matomo_opted_in_intro\" >You may choose to prevent this website from aggregating and analyzing the actions you take here. Doing so will protect your privacy, but will also prevent the owner from learning from your actions and creating a better experience for you and other users.<\/p><form>\n        <input type=\"checkbox\" id=\"matomo_optout_checkbox\" checked=\"checked\"\/>\n        <label for=\"matomo_optout_checkbox\"><strong>\n        <span id=\"matomo_opted_in_label\" >You are not opted out. Uncheck this box to opt-out.<\/span>\n\t\t<span id=\"matomo_opted_out_label\" style=\"display:none;\">You are currently opted out. Check this box to opt-in.<\/span>\n        <\/strong><\/label><\/form><noscript><p><strong style=\"color: #ff0000;\">This opt out feature requires JavaScript.<\/strong><\/p><\/noscript><p id=\"matomo_outout_err_cookies\" style=\"display: none;\"><strong>The tracking opt-out feature requires cookies to be enabled.<\/strong><\/p><\/p><p style=\"text-align: center;\">____<\/p><p style=\"text-align: left;\"><strong>Destinataires des donn\u00e9es :<\/strong><\/p><p style=\"text-align: left;\">Ces donn\u00e9es sont accessibles par :<br \/>\u2022 Webmestres, administrateurs du site<br \/>\u2022 Contributeurs authentifi\u00e9s du site<\/p><p style=\"text-align: left;\"><strong>Dur\u00e9e de conservation des donn\u00e9es<\/strong><\/p><p style=\"text-align: left;\">Elles sont conserv\u00e9es pour une dur\u00e9e de :<br \/>\u2022 Au bout de trois ans d\u2019inactivit\u00e9, les donn\u00e9es personnelles sont supprim\u00e9es dans le cadre du droit \u00e0 l\u2019oubli.<br \/>\u2022 Cinq ans maximum, pour les contributeurs authentifi\u00e9s ne faisant plus partie du personnel.<\/p><p style=\"text-align: left;\"><strong>Transfert des donn\u00e9es hors de l\u2019Union Europ\u00e9enne<\/strong><\/p><p style=\"text-align: left;\">Ce site est h\u00e9berg\u00e9 sur la plateforme d\u2019Infomaniak Network SA, en Suisse.<\/p><p style=\"text-align: left;\">La d\u00e9cision d\u2019ad\u00e9quation 2000\/518\/CE du 26-07-2000 de l\u2019Union Europ\u00e9enne reconnait la Suisse comme \u00e9tant un pays offrant un niveau suffisant de protection des donn\u00e9es \u00e0 caract\u00e8re personnel.<\/p><p style=\"text-align: left;\">Certifi\u00e9 ISO 27001, Infomaniak con\u00e7oit et g\u00e8re enti\u00e8rement ses centres de donn\u00e9es localis\u00e9s en Suisse.<\/p><p style=\"text-align: left;\">L\u2019emplacement de ses datacenter, dont l\u2019acc\u00e8s physique dispose d\u2019un acc\u00e8s s\u00e9curis\u00e9 toute l\u2019ann\u00e9e, est confidentiel et n\u2019est divulgu\u00e9 \u00e0 aucun tiers.<\/p><p style=\"text-align: left;\">Vous pouvez vous rendre sur le site d\u2019Infomaniak pour plus d\u2019informations concernant la s\u00e9curisation des donn\u00e9es et des infrastructures.<\/p><h5 style=\"text-align: left;\">Droits des personnes<\/h5><p style=\"text-align: left;\">Conform\u00e9ment aux dispositions l\u00e9gales et r\u00e8glementaires applicables, en particulier la loi n\u00b0 78-17 du 6 janvier modifi\u00e9e relative \u00e0 l\u2019informatique, aux fichiers et aux libert\u00e9s et le r\u00e8glement europ\u00e9en n\u00b0 2016\/679\/UE du 27 avril 2016 (applicable depuis le 25 mai 2018), vous disposez des droits suivants :<\/p><p style=\"text-align: left;\">\u2022 Exercer votre droit d\u2019acc\u00e8s, pour conna\u00eetre les donn\u00e9es personnelles qui vous concernent ;<br \/>\u2022 Demander la mise \u00e0 jour de vos donn\u00e9es, si elles sont inexactes ;<br \/>\u2022 Demander la portabilit\u00e9 ou la suppression de vos donn\u00e9es ;<br \/>\u2022 Demander la suppression de votre compte ;<br \/>\u2022 Demander la limitation du traitement de vos donn\u00e9es ;<br \/>\u2022 Vous opposer, pour des motifs l\u00e9gitimes, au traitement de vos donn\u00e9es ;<br \/>\u2022 Retirer votre consentement au traitement de vos donn\u00e9es.<\/p><p style=\"text-align: left;\">Contacter le webmestre du site \u2013 dircom.web@cnrs.fr<\/p><p style=\"text-align: left;\"><strong>Recours aupr\u00e8s de notre d\u00e9l\u00e9gu\u00e9(e) \u00e0 la protection des donn\u00e9es<\/strong><\/p><p style=\"text-align: left;\">Vous avez \u00e9galement la possibilit\u00e9 d\u2019introduire un recours aupr\u00e8s de notre d\u00e9l\u00e9gu\u00e9(e) \u00e0 la protection des donn\u00e9es, soit en ligne, soit par voie postale :<\/p><p style=\"text-align: left;\"><strong>DPD<\/strong><br \/>17 rue Notre Dame des Pauvres<br \/>54519 Vandoeuvre l\u00e8s Nancy Cedex<\/p><p style=\"text-align: left;\"><strong>Contacter la DPD :<\/strong> <a href=\"mailto:dpd.demandes@cnrs.fr\">dpd.demandes@cnrs.fr<\/a><\/p><p style=\"text-align: left;\"><strong>Droit d\u2019introduire une r\u00e9clamation<\/strong><\/p><p style=\"text-align: left;\">Si vous estimez, apr\u00e8s nous avoir contact\u00e9s, que vos droits Informatique et Libert\u00e9s ne sont pas respect\u00e9s, vous avez la possibilit\u00e9 d\u2019introduire une r\u00e9clamation en ligne aupr\u00e8s de la CNIL ou par courrier postal.<\/p><\/div>\n\t\t\t\t\t<\/div>\n\t\t\t\t<\/div>\n\t\t\t\t<\/div>\n\t\t\t\t<div class=\"elementor-element elementor-element-8553ddb elementor-widget-divider--view-line elementor-widget elementor-widget-divider\" data-id=\"8553ddb\" data-element_type=\"widget\" data-widget_type=\"divider.default\">\n\t\t\t\t<div class=\"elementor-widget-container\">\n\t\t\t\t\t<div class=\"elementor-divider\">\n\t\t\t<span class=\"elementor-divider-separator\">\n\t\t\t\t\t\t<\/span>\n\t\t<\/div>\n\t\t\t\t<\/div>\n\t\t\t\t<\/div>\n\t\t\t\t<div class=\"elementor-element elementor-element-5963b09 elementor-widget elementor-widget-spacer\" data-id=\"5963b09\" data-element_type=\"widget\" data-widget_type=\"spacer.default\">\n\t\t\t\t<div class=\"elementor-widget-container\">\n\t\t\t\t\t<div class=\"elementor-spacer\">\n\t\t\t<div class=\"elementor-spacer-inner\"><\/div>\n\t\t<\/div>\n\t\t\t\t<\/div>\n\t\t\t\t<\/div>\n\t\t\t\t\t<\/div>\n\t\t<\/div>\n\t\t\t\t\t\t\t<\/div>\n\t\t<\/section>\n\t\t\t\t<div class=\"elementor-element elementor-element-e084dee zoom elementor-widget elementor-widget-html\" data-id=\"e084dee\" data-element_type=\"widget\" data-widget_type=\"html.default\">\n\t\t\t\t<div class=\"elementor-widget-container\">\n\t\t\t<input type=\"button\" value=\"Zoomer +\" onClick=\"document.body.style.zoom=1.5\"> <input type=\"button\" value=\"Taille normale\" onClick=\"document.body.style.zoom=1\">\t\t<\/div>\n\t\t\t\t<\/div>\n\t\t\t\t\t<\/div>\n\t\t<\/div>\n\t\t\t\t\t\t\t<\/div>\n\t\t<\/section>\n\t\t\t\t\t\t<\/div>\n\t\t\t\t\t<\/div>\n\t\t","protected":false},"excerpt":{"rendered":"<p>R\u00e8glement g\u00e9n\u00e9ral sur la protection des donn\u00e9es (RGPD) Le CNRS, en sa qualit\u00e9 de responsable de traitement, vous informe que vos donn\u00e9es font l\u2019objet d\u2019un traitement. Lorsque certaines informations sont obligatoires pour acc\u00e9der \u00e0 des fonctionnalit\u00e9s sp\u00e9cifiques du site, ce caract\u00e8re obligatoire est indiqu\u00e9 au moment de la collecte de la saisie des donn\u00e9es. En [&hellip;]<\/p>\n","protected":false},"author":1,"featured_media":0,"parent":0,"menu_order":0,"comment_status":"closed","ping_status":"closed","template":"","meta":[],"acf":[],"_links":{"self":[{"href":"https:\/\/sagascience.com\/oceans\/wp-json\/wp\/v2\/pages\/4350"}],"collection":[{"href":"https:\/\/sagascience.com\/oceans\/wp-json\/wp\/v2\/pages"}],"about":[{"href":"https:\/\/sagascience.com\/oceans\/wp-json\/wp\/v2\/types\/page"}],"author":[{"embeddable":true,"href":"https:\/\/sagascience.com\/oceans\/wp-json\/wp\/v2\/users\/1"}],"replies":[{"embeddable":true,"href":"https:\/\/sagascience.com\/oceans\/wp-json\/wp\/v2\/comments?post=4350"}],"version-history":[{"count":44,"href":"https:\/\/sagascience.com\/oceans\/wp-json\/wp\/v2\/pages\/4350\/revisions"}],"predecessor-version":[{"id":4732,"href":"https:\/\/sagascience.com\/oceans\/wp-json\/wp\/v2\/pages\/4350\/revisions\/4732"}],"wp:attachment":[{"href":"https:\/\/sagascience.com\/oceans\/wp-json\/wp\/v2\/media?parent=4350"}],"curies":[{"name":"wp","href":"https:\/\/api.w.org\/{rel}","templated":true}]}}