{"id":4342,"date":"2022-06-23T22:05:25","date_gmt":"2022-06-23T20:05:25","guid":{"rendered":"https:\/\/sagascience.com\/oceans\/?page_id=4342"},"modified":"2022-06-27T15:15:43","modified_gmt":"2022-06-27T13:15:43","slug":"mentions-legales","status":"publish","type":"page","link":"https:\/\/sagascience.com\/oceans\/mentions-legales\/","title":{"rendered":"mentions l\u00e9gales"},"content":{"rendered":"\t\t<div data-elementor-type=\"wp-page\" data-elementor-id=\"4342\" class=\"elementor elementor-4342\" data-elementor-settings=\"[]\">\n\t\t\t\t\t\t\t<div class=\"elementor-section-wrap\">\n\t\t\t\t\t\t\t<section class=\"elementor-section elementor-top-section elementor-element elementor-element-4ffd6b3 elementor-section-full_width bg-gray-4 container-fluid elementor-section-height-default elementor-section-height-default\" data-id=\"4ffd6b3\" data-element_type=\"section\" id=\"0-0\" data-settings=\"{&quot;theme_section_color&quot;:&quot;bg-gray-4&quot;,&quot;background_background&quot;:&quot;classic&quot;,&quot;shape_divider_top&quot;:&quot;mountains&quot;}\">\n\t\t\t\t\t<div class=\"elementor-shape elementor-shape-top\" data-negative=\"false\">\n\t\t\t<svg xmlns=\"http:\/\/www.w3.org\/2000\/svg\" viewBox=\"0 0 1000 100\" preserveAspectRatio=\"none\">\n\t<path class=\"elementor-shape-fill\" opacity=\"0.33\" d=\"M473,67.3c-203.9,88.3-263.1-34-320.3,0C66,119.1,0,59.7,0,59.7V0h1000v59.7 c0,0-62.1,26.1-94.9,29.3c-32.8,3.3-62.8-12.3-75.8-22.1C806,49.6,745.3,8.7,694.9,4.7S492.4,59,473,67.3z\"\/>\n\t<path class=\"elementor-shape-fill\" opacity=\"0.66\" d=\"M734,67.3c-45.5,0-77.2-23.2-129.1-39.1c-28.6-8.7-150.3-10.1-254,39.1 s-91.7-34.4-149.2,0C115.7,118.3,0,39.8,0,39.8V0h1000v36.5c0,0-28.2-18.5-92.1-18.5C810.2,18.1,775.7,67.3,734,67.3z\"\/>\n\t<path class=\"elementor-shape-fill\" d=\"M766.1,28.9c-200-57.5-266,65.5-395.1,19.5C242,1.8,242,5.4,184.8,20.6C128,35.8,132.3,44.9,89.9,52.5C28.6,63.7,0,0,0,0 h1000c0,0-9.9,40.9-83.6,48.1S829.6,47,766.1,28.9z\"\/>\n<\/svg>\t\t<\/div>\n\t\t\t\t\t<div class=\"elementor-container elementor-column-gap-no\">\n\t\t\t\t\t<div class=\"elementor-column elementor-col-100 elementor-top-column elementor-element elementor-element-1087374\" data-id=\"1087374\" data-element_type=\"column\" data-settings=\"{&quot;background_background&quot;:&quot;classic&quot;}\">\n\t\t\t<div class=\"elementor-widget-wrap elementor-element-populated\">\n\t\t\t\t\t\t\t\t<section class=\"elementor-section elementor-inner-section elementor-element elementor-element-49c3ee2 mb-small pt-small pb-small elementor-section-boxed elementor-section-height-default elementor-section-height-default\" data-id=\"49c3ee2\" data-element_type=\"section\" data-settings=\"{&quot;theme_remove_top_bottom_gaps&quot;:&quot;yes&quot;,&quot;background_background&quot;:&quot;classic&quot;}\">\n\t\t\t\t\t\t<div class=\"elementor-container elementor-column-gap-wide\">\n\t\t\t\t\t<div class=\"elementor-column elementor-col-100 elementor-inner-column elementor-element elementor-element-952cf39\" data-id=\"952cf39\" data-element_type=\"column\" data-settings=\"{&quot;background_background&quot;:&quot;classic&quot;}\">\n\t\t\t<div class=\"elementor-widget-wrap elementor-element-populated\">\n\t\t\t\t\t\t\t\t<div class=\"elementor-element elementor-element-f31a439 elementor-widget elementor-widget-spacer\" data-id=\"f31a439\" data-element_type=\"widget\" data-widget_type=\"spacer.default\">\n\t\t\t\t<div class=\"elementor-widget-container\">\n\t\t\t\t\t<div class=\"elementor-spacer\">\n\t\t\t<div class=\"elementor-spacer-inner\"><\/div>\n\t\t<\/div>\n\t\t\t\t<\/div>\n\t\t\t\t<\/div>\n\t\t\t\t<div class=\"elementor-element elementor-element-d97a415 elementor-widget elementor-widget-kinsey-widget-content-block\" data-id=\"d97a415\" data-element_type=\"widget\" data-widget_type=\"kinsey-widget-content-block.default\">\n\t\t\t\t<div class=\"elementor-widget-container\">\n\t\t\t\t\t<div class=\"section section-content\">\n\t\t\t\t\t\t<div class=\"section-content__content content arts-split-text js-arts-split-text\" data-arts-split-text=\"lines\" data-arts-split-text-set=\"lines\" data-arts-split-text-overflow-wrap=\"lines\" data-arts-os-animation=\"true\" data-arts-os-animation-name=\"animateText\"><p style=\"text-align: left;\"><strong>Le pr\u00e9sent site est \u00e9dit\u00e9 par le CNRS \u2013 Centre national de la recherche scientifique<\/strong><br \/>3, rue Michel-Ange<br \/>75794 Paris cedex 16 \u2013 France<br \/>T\u00e9l\u00e9phone : +33 1 44 96 40 00<br \/>T\u00e9l\u00e9copie : +33 1 44 96 53 90<\/p><p style=\"text-align: left;\">\u2022 <strong>Directeur de la publication<\/strong> : Antoine Petit (pr\u00e9sident-directeur g\u00e9n\u00e9ral du CNRS)<br \/>\u2022 <strong>Directrice de la r\u00e9daction<\/strong> : Marie Mora-Chevais (directrice de la communication du CNRS)<\/p><h5 style=\"text-align: left;\">H\u00e9bergement<\/h5><p style=\"text-align: left;\">Infomaniak Network SA<br \/>26, avenue de la Praille<br \/>1227 Carouge \u2013 Suisse<br \/>Site web: <a href=\"https:\/\/www.infomaniak.com\/fr\" target=\"_blank\" rel=\"noopener\">https:\/\/www.infomaniak.com\/fr<\/a><\/p><h5 style=\"text-align: left;\">Clause de non-responsabilit\u00e9<\/h5><p style=\"text-align: left;\">Le CNRS ne pourra en aucun cas \u00eatre tenu responsable de tout dommage de quelque nature qu\u2019il soit r\u00e9sultant de l\u2019interpr\u00e9tation ou de l\u2019utilisation des informations et\/ou documents disponibles sur ce site.<\/p><h5 style=\"text-align: left;\">Propri\u00e9t\u00e9 intellectuelle<\/h5><p style=\"text-align: left;\">Les contenus, les textes, y compris, les vid\u00e9os, et les images qui apparaissent ou sont disponibles sur le site, sont prot\u00e9g\u00e9s par le droit de la propri\u00e9t\u00e9 intellectuelle.<br \/>\u00c0 ce titre, vous vous engagez \u00e0 ne pas utiliser, extraire, copier, traduire, reproduire, vendre, publier, exploiter et diffuser des contenus du site prot\u00e9g\u00e9s par le droit de la propri\u00e9t\u00e9 intellectuelle, sans autorisation pr\u00e9alable et \u00e9crite du CNRS.<\/p><p style=\"text-align: left;\">Le CNRS consent toutefois \u00e0 l\u2019internaute, dans le cadre d\u2019un usage strictement personnel, priv\u00e9 et non collectif, le droit de reproduire tout ou partie du contenu du site, en un exemplaire pour copie de sauvegarde ou tirage sur papier uniquement.<\/p><p style=\"text-align: left;\">Le sigle \u00ab CNRS \u00bb, la mention \u00ab Centre National de la Recherche Scientifique \u00bb et le logo sont d\u00e9pos\u00e9s \u00e0 titre de marque. Dans ce cadre, il est interdit de faire r\u00e9f\u00e9rence aux d\u00e9nominations sociales ou aux marques du CNRS, \u00e0 quelque fin que ce soit, sans autorisation pr\u00e9alable, expresse et \u00e9crite du CNRS.<\/p><p style=\"text-align: left;\">Dans le m\u00eame sens, il est interdit d\u2019utiliser le nom ou le logo d\u2019un Laboratoire sans l\u2019autorisation pr\u00e9alable et \u00e9crite des cotutelles de ce laboratoire.<\/p><h5 style=\"text-align: left;\">Liens hypertextes<\/h5><p style=\"text-align: left;\">La mise en place de liens hypertextes par des tiers vers des pages ou des documents diffus\u00e9s sur ce site, est autoris\u00e9e sous r\u00e9serve que les liens ne contreviennent pas aux int\u00e9r\u00eats du CNRS et qu\u2019ils garantissent la possibilit\u00e9 pour l\u2019utilisateur d\u2019identifier l\u2019origine et l\u2019auteur du document.<\/p><\/div>\n\t\t\t\t\t<\/div>\n\t\t\t\t<\/div>\n\t\t\t\t<\/div>\n\t\t\t\t<div class=\"elementor-element elementor-element-8553ddb elementor-widget-divider--view-line elementor-widget elementor-widget-divider\" data-id=\"8553ddb\" data-element_type=\"widget\" data-widget_type=\"divider.default\">\n\t\t\t\t<div class=\"elementor-widget-container\">\n\t\t\t<style>\/*! elementor - v3.5.6 - 28-02-2022 *\/\n.elementor-widget-divider{--divider-border-style:none;--divider-border-width:1px;--divider-color:#2c2c2c;--divider-icon-size:20px;--divider-element-spacing:10px;--divider-pattern-height:24px;--divider-pattern-size:20px;--divider-pattern-url:none;--divider-pattern-repeat:repeat-x}.elementor-widget-divider .elementor-divider{display:-webkit-box;display:-ms-flexbox;display:flex}.elementor-widget-divider .elementor-divider__text{font-size:15px;line-height:1;max-width:95%}.elementor-widget-divider .elementor-divider__element{margin:0 var(--divider-element-spacing);-ms-flex-negative:0;flex-shrink:0}.elementor-widget-divider .elementor-icon{font-size:var(--divider-icon-size)}.elementor-widget-divider .elementor-divider-separator{display:-webkit-box;display:-ms-flexbox;display:flex;margin:0;direction:ltr}.elementor-widget-divider--view-line_icon .elementor-divider-separator,.elementor-widget-divider--view-line_text .elementor-divider-separator{-webkit-box-align:center;-ms-flex-align:center;align-items:center}.elementor-widget-divider--view-line_icon .elementor-divider-separator:after,.elementor-widget-divider--view-line_icon .elementor-divider-separator:before,.elementor-widget-divider--view-line_text .elementor-divider-separator:after,.elementor-widget-divider--view-line_text .elementor-divider-separator:before{display:block;content:\"\";border-bottom:0;-webkit-box-flex:1;-ms-flex-positive:1;flex-grow:1;border-top:var(--divider-border-width) var(--divider-border-style) var(--divider-color)}.elementor-widget-divider--element-align-left .elementor-divider .elementor-divider-separator>.elementor-divider__svg:first-of-type{-webkit-box-flex:0;-ms-flex-positive:0;flex-grow:0;-ms-flex-negative:100;flex-shrink:100}.elementor-widget-divider--element-align-left .elementor-divider-separator:before{content:none}.elementor-widget-divider--element-align-left .elementor-divider__element{margin-left:0}.elementor-widget-divider--element-align-right .elementor-divider .elementor-divider-separator>.elementor-divider__svg:last-of-type{-webkit-box-flex:0;-ms-flex-positive:0;flex-grow:0;-ms-flex-negative:100;flex-shrink:100}.elementor-widget-divider--element-align-right .elementor-divider-separator:after{content:none}.elementor-widget-divider--element-align-right .elementor-divider__element{margin-right:0}.elementor-widget-divider:not(.elementor-widget-divider--view-line_text):not(.elementor-widget-divider--view-line_icon) .elementor-divider-separator{border-top:var(--divider-border-width) var(--divider-border-style) var(--divider-color)}.elementor-widget-divider--separator-type-pattern{--divider-border-style:none}.elementor-widget-divider--separator-type-pattern.elementor-widget-divider--view-line .elementor-divider-separator,.elementor-widget-divider--separator-type-pattern:not(.elementor-widget-divider--view-line) .elementor-divider-separator:after,.elementor-widget-divider--separator-type-pattern:not(.elementor-widget-divider--view-line) .elementor-divider-separator:before,.elementor-widget-divider--separator-type-pattern:not([class*=elementor-widget-divider--view]) .elementor-divider-separator{width:100%;min-height:var(--divider-pattern-height);-webkit-mask-size:var(--divider-pattern-size) 100%;mask-size:var(--divider-pattern-size) 100%;-webkit-mask-repeat:var(--divider-pattern-repeat);mask-repeat:var(--divider-pattern-repeat);background-color:var(--divider-color);-webkit-mask-image:var(--divider-pattern-url);mask-image:var(--divider-pattern-url)}.elementor-widget-divider--no-spacing{--divider-pattern-size:auto}.elementor-widget-divider--bg-round{--divider-pattern-repeat:round}.rtl .elementor-widget-divider .elementor-divider__text{direction:rtl}<\/style>\t\t<div class=\"elementor-divider\">\n\t\t\t<span class=\"elementor-divider-separator\">\n\t\t\t\t\t\t<\/span>\n\t\t<\/div>\n\t\t\t\t<\/div>\n\t\t\t\t<\/div>\n\t\t\t\t<div class=\"elementor-element elementor-element-5963b09 elementor-widget elementor-widget-spacer\" data-id=\"5963b09\" data-element_type=\"widget\" data-widget_type=\"spacer.default\">\n\t\t\t\t<div class=\"elementor-widget-container\">\n\t\t\t\t\t<div class=\"elementor-spacer\">\n\t\t\t<div class=\"elementor-spacer-inner\"><\/div>\n\t\t<\/div>\n\t\t\t\t<\/div>\n\t\t\t\t<\/div>\n\t\t\t\t\t<\/div>\n\t\t<\/div>\n\t\t\t\t\t\t\t<\/div>\n\t\t<\/section>\n\t\t\t\t<div class=\"elementor-element elementor-element-2c7acb9 elementor-widget elementor-widget-html\" data-id=\"2c7acb9\" data-element_type=\"widget\" data-widget_type=\"html.default\">\n\t\t\t\t<div class=\"elementor-widget-container\">\n\t\t\t<input type=\"button\" value=\"Zoomer +\" onClick=\"document.body.style.zoom=1.5\"> <input type=\"button\" value=\"Taille normale\" onClick=\"document.body.style.zoom=1\">\t\t<\/div>\n\t\t\t\t<\/div>\n\t\t\t\t\t<\/div>\n\t\t<\/div>\n\t\t\t\t\t\t\t<\/div>\n\t\t<\/section>\n\t\t\t\t\t\t<\/div>\n\t\t\t\t\t<\/div>\n\t\t","protected":false},"excerpt":{"rendered":"<p>Le pr\u00e9sent site est \u00e9dit\u00e9 par le CNRS \u2013 Centre national de la recherche scientifique3, rue Michel-Ange75794 Paris cedex 16 \u2013 FranceT\u00e9l\u00e9phone : +33 1 44 96 40 00T\u00e9l\u00e9copie : +33 1 44 96 53 90 \u2022 Directeur de la publication : Antoine Petit (pr\u00e9sident-directeur g\u00e9n\u00e9ral du CNRS)\u2022 Directrice de la r\u00e9daction : Marie Mora-Chevais [&hellip;]<\/p>\n","protected":false},"author":1,"featured_media":0,"parent":0,"menu_order":0,"comment_status":"closed","ping_status":"closed","template":"","meta":[],"acf":[],"_links":{"self":[{"href":"https:\/\/sagascience.com\/oceans\/wp-json\/wp\/v2\/pages\/4342"}],"collection":[{"href":"https:\/\/sagascience.com\/oceans\/wp-json\/wp\/v2\/pages"}],"about":[{"href":"https:\/\/sagascience.com\/oceans\/wp-json\/wp\/v2\/types\/page"}],"author":[{"embeddable":true,"href":"https:\/\/sagascience.com\/oceans\/wp-json\/wp\/v2\/users\/1"}],"replies":[{"embeddable":true,"href":"https:\/\/sagascience.com\/oceans\/wp-json\/wp\/v2\/comments?post=4342"}],"version-history":[{"count":29,"href":"https:\/\/sagascience.com\/oceans\/wp-json\/wp\/v2\/pages\/4342\/revisions"}],"predecessor-version":[{"id":4780,"href":"https:\/\/sagascience.com\/oceans\/wp-json\/wp\/v2\/pages\/4342\/revisions\/4780"}],"wp:attachment":[{"href":"https:\/\/sagascience.com\/oceans\/wp-json\/wp\/v2\/media?parent=4342"}],"curies":[{"name":"wp","href":"https:\/\/api.w.org\/{rel}","templated":true}]}}