{"id":9,"date":"2019-10-23T00:19:18","date_gmt":"2019-10-22T22:19:18","guid":{"rendered":"https:\/\/sagascience.com\/leonard-de-vinci\/?page_id=9"},"modified":"2019-10-24T17:33:49","modified_gmt":"2019-10-24T15:33:49","slug":"accessibilite","status":"publish","type":"page","link":"https:\/\/sagascience.com\/leonard-de-vinci\/accessibilite\/","title":{"rendered":"Accessibilit\u00e9"},"content":{"rendered":"\n<h2 class=\"wp-block-heading\">Accessibilit\u00e9\/D\u00e9claration de conformit\u00e9<\/h2>\n\n\n\n<p><strong>Identit\u00e9 du d\u00e9clarant<\/strong><br>CNRS<br>Direction de la communication<br>3, rue Michel-Ange<br>75794 Paris cedex 16 \u2013 France<\/p>\n\n\n\n<h4 class=\"wp-block-heading\">D\u00e9rogations<\/h4>\n\n\n\n<p><strong>Droit \u00e0 la compensation<\/strong><br>Il est important de rappeler qu\u2019en vertu de l\u2019article 11 de la loi de f\u00e9vrier 2005 : la personne handicap\u00e9e a droit \u00e0 la compensation des cons\u00e9quences de son handicap, quels que soient l\u2019origine et la nature de sa d\u00e9ficience, son \u00e2ge ou son mode de vie.<br>De ce fait, chaque organisme a l\u2019obligation de prendre les moyens n\u00e9cessaires afin de donner acc\u00e8s, dans un d\u00e9lai raisonnable, aux informations et fonctionnalit\u00e9s recherch\u00e9es par la personne handicap\u00e9e, que le contenu fasse l\u2019objet d\u2019une d\u00e9rogation ou non. La possibilit\u00e9 de demander un contenu alternatif accessible doit \u00eatre offerte \u00e0 l\u2019utilisateur sur la page d\u2019aide via un moyen de contact accessible (adresse \u00e9lectronique ou formulaire de contact).<\/p>\n\n\n\n<p><strong>Am\u00e9lioration et contact<\/strong><br>Afin d\u2019apporter une aide aux internautes pr\u00e9sentant des difficult\u00e9s ou des handicaps qui emp\u00eachent une utilisation optimale du site, nous avons install\u00e9 sur notre serveur le service Orange confort +. Cr\u00e9\u00e9 par Orange, ce service propose une interface qui donne la possibilit\u00e9 \u00e0 l\u2019utilisateur de modifier l\u2019apparence du site ou bien d\u2019utiliser des aides \u00e0 la lecture et \u00e0 la navigation.<br>Pour en savoir plus sur Orange Confort +, vous pouvez vous rendre sur <a rel=\"noreferrer noopener\" aria-label=\"notre page d\u2019aide (s\u2019ouvre dans un nouvel onglet)\" href=\"https:\/\/www.concours-preuve-image.fr\/aide\/\" target=\"_blank\">notre page d\u2019aide<\/a>.<br>Vous pouvez nous aider \u00e0 am\u00e9liorer l\u2019accessibilit\u00e9 du site en nous signalant les probl\u00e8mes \u00e9ventuels que vous rencontrez. Pour ce faire, envoyez-nous un message \u00e0 partir du\u00a0<a href=\"https:\/\/sagascience.com\/mendeleiev\/contact\/\" target=\"_blank\" rel=\"noreferrer noopener\" aria-label=\"formulaire de contact (s\u2019ouvre dans un nouvel onglet)\">formulaire de contact<\/a>.<\/p>\n\n\n\n<p><strong>D\u00e9fenseur des droits<\/strong><br>Si vous constatiez un d\u00e9faut d\u2019accessibilit\u00e9 vous emp\u00eachant d\u2019acc\u00e9der \u00e0 un contenu ou une fonctionnalit\u00e9 du site, que vous nous le signaliez et que vous ne parveniez pas \u00e0 obtenir une r\u00e9ponse rapide de notre part, vous \u00eates en droit de faire parvenir vos dol\u00e9ances ou demande de saisine \u00e0 :<\/p>\n\n\n\n<p>Le d\u00e9fenseur des droits<br>7 rue Saint-Florentin 75409 Paris cedex 08<br>T\u00e9l\u00e9phone : 09 69 39 00 00<\/p>\n\n\n\n<p><a href=\"https:\/\/www.defenseurdesdroits.fr\/contact\">Contacter le d\u00e9fenseur des droits via le formulaire en ligne<\/a>.<\/p>\n","protected":false},"excerpt":{"rendered":"<p>Accessibilit\u00e9\/D\u00e9claration de conformit\u00e9 Identit\u00e9 du d\u00e9clarantCNRSDirection de la communication3, rue Michel-Ange75794 Paris cedex 16 \u2013 France D\u00e9rogations Droit \u00e0 la compensationIl est important de rappeler qu\u2019en vertu de l\u2019article 11 de la loi de f\u00e9vrier 2005 : la personne handicap\u00e9e a droit \u00e0 la compensation des cons\u00e9quences de son handicap, quels que soient l\u2019origine et [&hellip;]<\/p>\n","protected":false},"author":1,"featured_media":0,"parent":0,"menu_order":0,"comment_status":"closed","ping_status":"closed","template":"","meta":{"footnotes":""},"yoast_head":"<!-- This site is optimized with the Yoast SEO plugin v21.9.1 - https:\/\/yoast.com\/wordpress\/plugins\/seo\/ -->\n<title>Accessibilit\u00e9 ~ Dans les carnets de L\u00e9onard 500 ans apr\u00e8s<\/title>\n<meta name=\"robots\" content=\"noindex, follow\" \/>\n<meta property=\"og:locale\" content=\"fr_FR\" \/>\n<meta property=\"og:type\" content=\"article\" \/>\n<meta property=\"og:title\" content=\"Accessibilit\u00e9 ~ Dans les carnets de L\u00e9onard 500 ans apr\u00e8s\" \/>\n<meta property=\"og:description\" content=\"Accessibilit\u00e9\/D\u00e9claration de conformit\u00e9 Identit\u00e9 du d\u00e9clarantCNRSDirection de la communication3, rue Michel-Ange75794 Paris cedex 16 \u2013 France D\u00e9rogations Droit \u00e0 la compensationIl est important de rappeler qu\u2019en vertu de l\u2019article 11 de la loi de f\u00e9vrier 2005 : la personne handicap\u00e9e a droit \u00e0 la compensation des cons\u00e9quences de son handicap, quels que soient l\u2019origine et [&hellip;]\" \/>\n<meta property=\"og:url\" content=\"https:\/\/sagascience.com\/leonard-de-vinci\/accessibilite\/\" \/>\n<meta property=\"og:site_name\" content=\"Dans les carnets de L\u00e9onard 500 ans apr\u00e8s\" \/>\n<meta property=\"article:publisher\" content=\"https:\/\/www.facebook.com\/cnrs.fr\/\" \/>\n<meta property=\"article:modified_time\" content=\"2019-10-24T15:33:49+00:00\" \/>\n<meta property=\"og:image\" content=\"https:\/\/sagascience.com\/leonard-de-vinci\/wp-content\/uploads\/2019\/10\/ldv-share.jpg\" \/>\n\t<meta property=\"og:image:width\" content=\"1200\" \/>\n\t<meta property=\"og:image:height\" content=\"630\" \/>\n\t<meta property=\"og:image:type\" content=\"image\/jpeg\" \/>\n<meta name=\"twitter:card\" content=\"summary_large_image\" \/>\n<meta name=\"twitter:site\" content=\"@cnrs\" \/>\n<meta name=\"twitter:label1\" content=\"Est. reading time\" \/>\n\t<meta name=\"twitter:data1\" content=\"2 minutes\" \/>\n<script type=\"application\/ld+json\" class=\"yoast-schema-graph\">{\"@context\":\"https:\/\/schema.org\",\"@graph\":[{\"@type\":\"WebPage\",\"@id\":\"https:\/\/sagascience.com\/leonard-de-vinci\/accessibilite\/\",\"url\":\"https:\/\/sagascience.com\/leonard-de-vinci\/accessibilite\/\",\"name\":\"Accessibilit\u00e9 ~ Dans les carnets de L\u00e9onard 500 ans apr\u00e8s\",\"isPartOf\":{\"@id\":\"https:\/\/sagascience.com\/leonard-de-vinci\/#website\"},\"datePublished\":\"2019-10-22T22:19:18+00:00\",\"dateModified\":\"2019-10-24T15:33:49+00:00\",\"breadcrumb\":{\"@id\":\"https:\/\/sagascience.com\/leonard-de-vinci\/accessibilite\/#breadcrumb\"},\"inLanguage\":\"fr-FR\",\"potentialAction\":[{\"@type\":\"ReadAction\",\"target\":[\"https:\/\/sagascience.com\/leonard-de-vinci\/accessibilite\/\"]}]},{\"@type\":\"BreadcrumbList\",\"@id\":\"https:\/\/sagascience.com\/leonard-de-vinci\/accessibilite\/#breadcrumb\",\"itemListElement\":[{\"@type\":\"ListItem\",\"position\":1,\"name\":\"Home\",\"item\":\"https:\/\/sagascience.com\/leonard-de-vinci\/\"},{\"@type\":\"ListItem\",\"position\":2,\"name\":\"Accessibilit\u00e9\"}]},{\"@type\":\"WebSite\",\"@id\":\"https:\/\/sagascience.com\/leonard-de-vinci\/#website\",\"url\":\"https:\/\/sagascience.com\/leonard-de-vinci\/\",\"name\":\"Dans les carnets de L\u00e9onard 500 ans apr\u00e8s\",\"description\":\"SagaScience\",\"potentialAction\":[{\"@type\":\"SearchAction\",\"target\":{\"@type\":\"EntryPoint\",\"urlTemplate\":\"https:\/\/sagascience.com\/leonard-de-vinci\/?s={search_term_string}\"},\"query-input\":\"required name=search_term_string\"}],\"inLanguage\":\"fr-FR\"}]}<\/script>\n<!-- \/ Yoast SEO plugin. -->","yoast_head_json":{"title":"Accessibilit\u00e9 ~ Dans les carnets de L\u00e9onard 500 ans apr\u00e8s","robots":{"index":"noindex","follow":"follow"},"og_locale":"fr_FR","og_type":"article","og_title":"Accessibilit\u00e9 ~ Dans les carnets de L\u00e9onard 500 ans apr\u00e8s","og_description":"Accessibilit\u00e9\/D\u00e9claration de conformit\u00e9 Identit\u00e9 du d\u00e9clarantCNRSDirection de la communication3, rue Michel-Ange75794 Paris cedex 16 \u2013 France D\u00e9rogations Droit \u00e0 la compensationIl est important de rappeler qu\u2019en vertu de l\u2019article 11 de la loi de f\u00e9vrier 2005 : la personne handicap\u00e9e a droit \u00e0 la compensation des cons\u00e9quences de son handicap, quels que soient l\u2019origine et [&hellip;]","og_url":"https:\/\/sagascience.com\/leonard-de-vinci\/accessibilite\/","og_site_name":"Dans les carnets de L\u00e9onard 500 ans apr\u00e8s","article_publisher":"https:\/\/www.facebook.com\/cnrs.fr\/","article_modified_time":"2019-10-24T15:33:49+00:00","og_image":[{"width":1200,"height":630,"url":"https:\/\/sagascience.com\/leonard-de-vinci\/wp-content\/uploads\/2019\/10\/ldv-share.jpg","type":"image\/jpeg"}],"twitter_card":"summary_large_image","twitter_site":"@cnrs","twitter_misc":{"Est. reading time":"2 minutes"},"schema":{"@context":"https:\/\/schema.org","@graph":[{"@type":"WebPage","@id":"https:\/\/sagascience.com\/leonard-de-vinci\/accessibilite\/","url":"https:\/\/sagascience.com\/leonard-de-vinci\/accessibilite\/","name":"Accessibilit\u00e9 ~ Dans les carnets de L\u00e9onard 500 ans apr\u00e8s","isPartOf":{"@id":"https:\/\/sagascience.com\/leonard-de-vinci\/#website"},"datePublished":"2019-10-22T22:19:18+00:00","dateModified":"2019-10-24T15:33:49+00:00","breadcrumb":{"@id":"https:\/\/sagascience.com\/leonard-de-vinci\/accessibilite\/#breadcrumb"},"inLanguage":"fr-FR","potentialAction":[{"@type":"ReadAction","target":["https:\/\/sagascience.com\/leonard-de-vinci\/accessibilite\/"]}]},{"@type":"BreadcrumbList","@id":"https:\/\/sagascience.com\/leonard-de-vinci\/accessibilite\/#breadcrumb","itemListElement":[{"@type":"ListItem","position":1,"name":"Home","item":"https:\/\/sagascience.com\/leonard-de-vinci\/"},{"@type":"ListItem","position":2,"name":"Accessibilit\u00e9"}]},{"@type":"WebSite","@id":"https:\/\/sagascience.com\/leonard-de-vinci\/#website","url":"https:\/\/sagascience.com\/leonard-de-vinci\/","name":"Dans les carnets de L\u00e9onard 500 ans apr\u00e8s","description":"SagaScience","potentialAction":[{"@type":"SearchAction","target":{"@type":"EntryPoint","urlTemplate":"https:\/\/sagascience.com\/leonard-de-vinci\/?s={search_term_string}"},"query-input":"required name=search_term_string"}],"inLanguage":"fr-FR"}]}},"_links":{"self":[{"href":"https:\/\/sagascience.com\/leonard-de-vinci\/wp-json\/wp\/v2\/pages\/9"}],"collection":[{"href":"https:\/\/sagascience.com\/leonard-de-vinci\/wp-json\/wp\/v2\/pages"}],"about":[{"href":"https:\/\/sagascience.com\/leonard-de-vinci\/wp-json\/wp\/v2\/types\/page"}],"author":[{"embeddable":true,"href":"https:\/\/sagascience.com\/leonard-de-vinci\/wp-json\/wp\/v2\/users\/1"}],"replies":[{"embeddable":true,"href":"https:\/\/sagascience.com\/leonard-de-vinci\/wp-json\/wp\/v2\/comments?post=9"}],"version-history":[{"count":0,"href":"https:\/\/sagascience.com\/leonard-de-vinci\/wp-json\/wp\/v2\/pages\/9\/revisions"}],"wp:attachment":[{"href":"https:\/\/sagascience.com\/leonard-de-vinci\/wp-json\/wp\/v2\/media?parent=9"}],"curies":[{"name":"wp","href":"https:\/\/api.w.org\/{rel}","templated":true}]}}