{"id":556,"date":"2019-10-24T17:30:58","date_gmt":"2019-10-24T15:30:58","guid":{"rendered":"https:\/\/sagascience.com\/leonard-de-vinci\/?page_id=556"},"modified":"2019-11-25T10:24:15","modified_gmt":"2019-11-25T09:24:15","slug":"sources-credits","status":"publish","type":"page","link":"https:\/\/sagascience.com\/leonard-de-vinci\/sources-credits\/","title":{"rendered":"Sources et cr\u00e9dits"},"content":{"rendered":"\n<h2 class=\"wp-block-heading\">Cr\u00e9dits<\/h2>\n\n\n\n<p>Ce dossier CNRS\/<em>sagascience<\/em> consacr\u00e9 \u00e0 L\u00e9onard de Vinci a \u00e9t\u00e9 mis en ligne en octobre 2019 par la direction de la communication du CNRS.<\/p>\n\n\n\n<p><strong>R\u00e9daction&nbsp;:<\/strong> Anne-Sophie Boutaud, Romain Hecquet, \u00e9quipe sagascience<\/p>\n\n\n\n<p>La r\u00e9daction tient \u00e0 remercier particuli\u00e8rement Pascal Brioist, professeur des Universit\u00e9s en histoire, pour ses conseils, sa disponibilit\u00e9 et ses validations scientifiques.<\/p>\n\n\n\n<p><em>La r\u00e9daction remercie \u00e9galement pour leur collaboration scientifique :<\/em><br>Fran\u00e7ois Gautier, Fr\u00e9d\u00e9ric Ablitzer, Jean-Hugh Thomas, Bertrand Lihoreau, L\u00e9o Cl\u00e9rin du Laboratoire d&rsquo;Acoustique de l&rsquo;Universit\u00e9 du Mans (Unit\u00e9 CNRS\/&nbsp;universit\u00e9 du Mans) &#8211; partie <strong>La musique&nbsp;dans la peau (Physique de la&nbsp;guitare)<\/strong><\/p>\n\n\n\n<p>Christophe ELOY&nbsp;de l&rsquo;Institut de recherche sur les ph\u00e9nom\u00e8nes hors \u00e9quilibre (IRPHE), (Aix-Marseille Universit\u00e9 \/ CNRS \/ Centrale Marseille) et Bruno Moulia du laboratoire \u00ab\u00a0Physique et Physiologie Int\u00e9gratives de l\u2019Arbre en environnement Fluctuant\u00a0\u00bb (PIAF) (INRA \/ Universit\u00e9 Clermont Auvergne) &#8211; <strong>partie<\/strong> <strong>Pourquoi les arbres ont-ils cette forme?<\/strong><\/p>\n\n\n\n<p>Philippe Nond\u00e9d\u00e9o, recteur de la mission arch\u00e9ologique fran\u00e7aise Naachtun, arch\u00e9ologue mayaniste CNRS Laboratoire \u00ab Arch\u00e9ologie des Am\u00e9riques \u00bb (CNRS\/Universit\u00e9 Paris 1 Panth\u00e9on-Sorbonne) et Cyril Castanet, responsable du volet environnement de la mission g\u00e9ographe de l\u2019universit\u00e9 Paris 8 Vincennes Saint-Denis et au Laboratoire de g\u00e9ographie physique (CNRS\/Universit\u00e9 Paris 1 Panth\u00e9on-Sorbonne\/UPEC) &#8211; partie <strong>Cartographe les pieds sur terre<\/strong><\/p>\n\n\n\n<p>Les \u00e9quipes du LHEEA, Laboratoire de recherche en hydrodynamique, \u00e9nerg\u00e9tique et environnement atmosph\u00e9rique &#8211; partie <strong>Les tourbillons&nbsp;de L\u00e9onard (m\u00e9canique des fluides)<\/strong><\/p>\n\n\n\n<p>Roman Goulard, Jean-Louis Vercher et Stephane Viollet de Institut des sciences du mouvement &#8211; Etienne-Jules Marey (ISM) (CNRS, Universit\u00e9 Aix-Marseille) &#8211; partie <strong>Entendre les mouches voler<\/strong><\/p>\n\n\n\n<p>Claire Mallard du <em>Earthbyte&nbsp;Group<\/em> (<em>University of Sydney<\/em>)&nbsp;et Nicolas Coltice du Laboratoire de G\u00e9ologie de l\u2019Ecole Normale Sup\u00e9rieure (CNRS \/ ENS Paris). Cette recherche a \u00e9t\u00e9 publi\u00e9e lors de leur affectation au Laboratoire de G\u00e9ologie de Lyon &#8211; Terre Plan\u00e8te Environnement (LGL-TPE &#8211; CNRS \/ Universit\u00e9 de Lyon \/ ENS Lyon) &#8211; partie <strong>La Terre, un puzzle g\u00e9ant ?<\/strong><\/p>\n\n\n\n<p>Vincent Fleury et Nicolas Chevalier du Laboratoire Mati\u00e8re et Syst\u00e8mes Complexes (MSC), universit\u00e9 Paris Diderot &#8211; partie <strong>Dans les entrailles de la vie (La physique de l&#8217;embryon)<\/strong><\/p>\n\n\n\n<p>Julien Serres, Julien Dupeyroux et St\u00e9phane Viollet de l&rsquo;ISM, Institut des Sciences du Mouvement &#8211; Etienne-Jules Marey (ISM, UMR CNRS, Univ. Aix-Marseille) &#8211; partie <strong>Le premier des&nbsp;biomim\u00e9ticiens ? (Antbot)<\/strong><\/p>\n\n\n\n<p>Philippe Walter du Laboratoire du Laboratoire d\u2019arch\u00e9ologie mol\u00e9culaire et structurale (LAMS) (CNRS, Sorbonne Universit\u00e9) &#8211; partie <strong>La Joconde, d\u2019ombres et de lumi\u00e8res<\/strong><\/p>\n\n\n\n<p>Nous remercions \u00e9galement <em>ARD Intelligence des Patrimoines<\/em> et le <em>Centre d\u2019\u00e9tudes sup\u00e9rieures de la Renaissance<\/em> pour le pr\u00eat et l\u2019autorisation de diffuser sur ce site quatre \u00e9pisodes du web-documentaire \u201cSur les pas de L\u00e9onard\u201d.<\/p>\n\n\n\n<p><strong>Sur les pas de L\u00e9onard, le web-documentaire sur la vie et l\u2019\u0153uvre de L\u00e9onard de Vinci <\/strong>:<br>D\u00e9velopp\u00e9 par le <a rel=\"noreferrer noopener\" aria-label=\"Centre d\u2019\u00e9tudes sup\u00e9rieures de la Renaissance (s\u2019ouvre dans un nouvel onglet)\" href=\"https:\/\/cesr.cnrs.fr\/\" target=\"_blank\">Centre d\u2019\u00e9tudes sup\u00e9rieures de la Renaissance<\/a> et le programme <a rel=\"noreferrer noopener\" aria-label=\"ARD Intelligence des Patrimoines (s\u2019ouvre dans un nouvel onglet)\" href=\"https:\/\/intelligencedespatrimoines.fr\/\" target=\"_blank\">ARD Intelligence des Patrimoines<\/a>, le web-documentaire \u201cSur les pas de L\u00e9onard\u201d, r\u00e9alis\u00e9 sous la houlette scientifique de Pascal Brioist (professeur des universit\u00e9s), propose de d\u00e9couvrir les diff\u00e9rentes facettes de la vie et de l\u2019\u0153uvre de L\u00e9onard de Vinci. Con\u00e7u sous la forme d\u2019une v\u00e9ritable enqu\u00eate scientifique, les 13 \u00e9pisodes th\u00e9matiques permettent d\u2019entrer dans l\u2019univers cr\u00e9atif du Ma\u00eetre Toscan et d\u2019acc\u00e9der \u00e0 des savoirs &#8211; parfois in\u00e9dits &#8211; inconnus en dehors du monde scientifique.<br>Une version interactive de ce web-documentaire est disponible en ligne sur le <a rel=\"noreferrer noopener\" aria-label=\"Renaissance Transm\u00e9dia Lab (s\u2019ouvre dans un nouvel onglet)\" href=\"https:\/\/renaissance-transmedia-lab.fr\/\" target=\"_blank\">Renaissance Transm\u00e9dia Lab<\/a>.<br>En 2019\/2020, un jeu vid\u00e9o s\u00e9rieux (<em>serious game<\/em>) en r\u00e9alit\u00e9 virtuelle sur les machines de L\u00e9onard de Vinci (M\u00e9caL\u00e9o VR) viendra compl\u00e9ter cette web-s\u00e9rie et proposer de nouveaux modes de d\u00e9couverte des sciences et des techniques \u00e0 la Renaissance.<\/p>\n\n\n\n<p><strong>R\u00e9alisation et d\u00e9veloppement du site&nbsp;:<\/strong> Baltazare &#8211; <a href=\"https:\/\/baltazare.fr\" target=\"_blank\" rel=\"noreferrer noopener\" aria-label=\"baltazare.fr (s\u2019ouvre dans un nouvel onglet)\">baltazare.fr<\/a><\/p>\n\n\n\n<hr class=\"wp-block-separator\"\/>\n\n\n\n<h2 class=\"wp-block-heading\">Sources<\/h2>\n\n\n\n<h4 class=\"wp-block-heading\">Images des en-t\u00eates des chapitres<\/h4>\n\n\n\n<p><strong>Introduction<\/strong><br>Portrait suppos\u00e9 de L\u00e9onard de Vinci. \u00a9 Wikimedia commons\/Galleria degli Uffizi&nbsp;\u2013 Domaine public<\/p>\n\n\n\n<p><strong>Chapitre 1<\/strong><br>La maison natale de L\u00e9onard de Vinci \u00e0 Anchiano. \u00a9 Wikimedia commons\/Axel41 \u2013 CCA 3.0<\/p>\n\n\n\n<p><strong>Chapitre 2<\/strong><br>Vue de Florence. \u00a9 Wikimedia commons\/\u0412\u0432\u043b\u0430\u0441\u0435\u043d\u043a\u043e &#8211; CCA Share Alike 3.0 Unported<\/p>\n\n\n\n<p><strong>Chapitre 3<\/strong><br>L&rsquo;atelier de Jan van Eyck, grav\u00e9 par Th\u00e9odore Galle et \u00e9dit\u00e9 par Philippe Galle. \u00a9 Wikimedia commons\/Folger Shakespeare Library \u2013 CCA Share Alike 4.0 International<\/p>\n\n\n\n<p><strong>Chapitre 4<\/strong><br>Plan de Milan vers 1573. \u00a9 Wikimedia Commons\/Antonio Lafrery &#8211; Domaine public<\/p>\n\n\n\n<p><strong>Chapitre 5<\/strong><br>Plan de Venise vers 1470. \u00a9 Wikimedia commons \u2013 Domaine public<\/p>\n\n\n\n<p><strong>Chapitre 6<\/strong><br>Campanile de la cath\u00e9drale Santa maria del Fiore \u00e0 Florence. \u00a9 Wikimedia commons &#8211; CCA Share Alike 2.5<\/p>\n\n\n\n<p><strong>Chapitre 7<\/strong><br> Le mont <em>Ponteranica<\/em> dans les Alpes bergamasques. \u00a9 Wikimedia commons\/Gawain78 \u2013 CCA Share Alike 3.0 unported <\/p>\n\n\n\n<p><strong>Chapitre 8<\/strong><br> Plan de Rome vers 1574. \u00a9 Wikimedia commons\/Domaine public <\/p>\n\n\n\n<p><strong>Chapitre 9<\/strong><br>Le ch\u00e2teau du Clos Luc\u00e9 \u00e0 Amboise. \u00a9 Wikimedia commons\/Thesupermat \u2013 CCA \u2013 Share Alike 4.0 International<\/p>\n\n\n\n<p><strong>Fin<\/strong><br>D\u00e9tail de La Joconde. Portrait de Monna Lisa. \u00a9 RMN-Grand Palais (mus\u00e9e du Louvre) \/ Michel Urtado<\/p>\n","protected":false},"excerpt":{"rendered":"<p>Cr\u00e9dits Ce dossier CNRS\/sagascience consacr\u00e9 \u00e0 L\u00e9onard de Vinci a \u00e9t\u00e9 mis en ligne en octobre 2019 par la direction de la communication du CNRS. R\u00e9daction&nbsp;: Anne-Sophie Boutaud, Romain Hecquet, \u00e9quipe sagascience La r\u00e9daction tient \u00e0 remercier particuli\u00e8rement Pascal Brioist, professeur des Universit\u00e9s en histoire, pour ses conseils, sa disponibilit\u00e9 et ses validations scientifiques. La [&hellip;]<\/p>\n","protected":false},"author":1,"featured_media":0,"parent":0,"menu_order":0,"comment_status":"closed","ping_status":"closed","template":"","meta":{"footnotes":""},"yoast_head":"<!-- This site is optimized with the Yoast SEO plugin v21.9.1 - https:\/\/yoast.com\/wordpress\/plugins\/seo\/ -->\n<title>Sources et cr\u00e9dits ~ Dans les carnets de L\u00e9onard 500 ans apr\u00e8s<\/title>\n<meta name=\"robots\" content=\"noindex, follow\" \/>\n<meta property=\"og:locale\" content=\"fr_FR\" \/>\n<meta property=\"og:type\" content=\"article\" \/>\n<meta property=\"og:title\" content=\"Sources et cr\u00e9dits ~ Dans les carnets de L\u00e9onard 500 ans apr\u00e8s\" \/>\n<meta property=\"og:description\" content=\"Cr\u00e9dits Ce dossier CNRS\/sagascience consacr\u00e9 \u00e0 L\u00e9onard de Vinci a \u00e9t\u00e9 mis en ligne en octobre 2019 par la direction de la communication du CNRS. R\u00e9daction&nbsp;: Anne-Sophie Boutaud, Romain Hecquet, \u00e9quipe sagascience La r\u00e9daction tient \u00e0 remercier particuli\u00e8rement Pascal Brioist, professeur des Universit\u00e9s en histoire, pour ses conseils, sa disponibilit\u00e9 et ses validations scientifiques. La [&hellip;]\" \/>\n<meta property=\"og:url\" content=\"https:\/\/sagascience.com\/leonard-de-vinci\/sources-credits\/\" \/>\n<meta property=\"og:site_name\" content=\"Dans les carnets de L\u00e9onard 500 ans apr\u00e8s\" \/>\n<meta property=\"article:publisher\" content=\"https:\/\/www.facebook.com\/cnrs.fr\/\" \/>\n<meta property=\"article:modified_time\" content=\"2019-11-25T09:24:15+00:00\" \/>\n<meta property=\"og:image\" content=\"https:\/\/sagascience.com\/leonard-de-vinci\/wp-content\/uploads\/2019\/10\/ldv-share.jpg\" \/>\n\t<meta property=\"og:image:width\" content=\"1200\" \/>\n\t<meta property=\"og:image:height\" content=\"630\" \/>\n\t<meta property=\"og:image:type\" content=\"image\/jpeg\" \/>\n<meta name=\"twitter:card\" content=\"summary_large_image\" \/>\n<meta name=\"twitter:site\" content=\"@cnrs\" \/>\n<meta name=\"twitter:label1\" content=\"Est. reading time\" \/>\n\t<meta name=\"twitter:data1\" content=\"4 minutes\" \/>\n<script type=\"application\/ld+json\" class=\"yoast-schema-graph\">{\"@context\":\"https:\/\/schema.org\",\"@graph\":[{\"@type\":\"WebPage\",\"@id\":\"https:\/\/sagascience.com\/leonard-de-vinci\/sources-credits\/\",\"url\":\"https:\/\/sagascience.com\/leonard-de-vinci\/sources-credits\/\",\"name\":\"Sources et cr\u00e9dits ~ Dans les carnets de L\u00e9onard 500 ans apr\u00e8s\",\"isPartOf\":{\"@id\":\"https:\/\/sagascience.com\/leonard-de-vinci\/#website\"},\"datePublished\":\"2019-10-24T15:30:58+00:00\",\"dateModified\":\"2019-11-25T09:24:15+00:00\",\"breadcrumb\":{\"@id\":\"https:\/\/sagascience.com\/leonard-de-vinci\/sources-credits\/#breadcrumb\"},\"inLanguage\":\"fr-FR\",\"potentialAction\":[{\"@type\":\"ReadAction\",\"target\":[\"https:\/\/sagascience.com\/leonard-de-vinci\/sources-credits\/\"]}]},{\"@type\":\"BreadcrumbList\",\"@id\":\"https:\/\/sagascience.com\/leonard-de-vinci\/sources-credits\/#breadcrumb\",\"itemListElement\":[{\"@type\":\"ListItem\",\"position\":1,\"name\":\"Home\",\"item\":\"https:\/\/sagascience.com\/leonard-de-vinci\/\"},{\"@type\":\"ListItem\",\"position\":2,\"name\":\"Sources et cr\u00e9dits\"}]},{\"@type\":\"WebSite\",\"@id\":\"https:\/\/sagascience.com\/leonard-de-vinci\/#website\",\"url\":\"https:\/\/sagascience.com\/leonard-de-vinci\/\",\"name\":\"Dans les carnets de L\u00e9onard 500 ans apr\u00e8s\",\"description\":\"SagaScience\",\"potentialAction\":[{\"@type\":\"SearchAction\",\"target\":{\"@type\":\"EntryPoint\",\"urlTemplate\":\"https:\/\/sagascience.com\/leonard-de-vinci\/?s={search_term_string}\"},\"query-input\":\"required name=search_term_string\"}],\"inLanguage\":\"fr-FR\"}]}<\/script>\n<!-- \/ Yoast SEO plugin. -->","yoast_head_json":{"title":"Sources et cr\u00e9dits ~ Dans les carnets de L\u00e9onard 500 ans apr\u00e8s","robots":{"index":"noindex","follow":"follow"},"og_locale":"fr_FR","og_type":"article","og_title":"Sources et cr\u00e9dits ~ Dans les carnets de L\u00e9onard 500 ans apr\u00e8s","og_description":"Cr\u00e9dits Ce dossier CNRS\/sagascience consacr\u00e9 \u00e0 L\u00e9onard de Vinci a \u00e9t\u00e9 mis en ligne en octobre 2019 par la direction de la communication du CNRS. R\u00e9daction&nbsp;: Anne-Sophie Boutaud, Romain Hecquet, \u00e9quipe sagascience La r\u00e9daction tient \u00e0 remercier particuli\u00e8rement Pascal Brioist, professeur des Universit\u00e9s en histoire, pour ses conseils, sa disponibilit\u00e9 et ses validations scientifiques. La [&hellip;]","og_url":"https:\/\/sagascience.com\/leonard-de-vinci\/sources-credits\/","og_site_name":"Dans les carnets de L\u00e9onard 500 ans apr\u00e8s","article_publisher":"https:\/\/www.facebook.com\/cnrs.fr\/","article_modified_time":"2019-11-25T09:24:15+00:00","og_image":[{"width":1200,"height":630,"url":"https:\/\/sagascience.com\/leonard-de-vinci\/wp-content\/uploads\/2019\/10\/ldv-share.jpg","type":"image\/jpeg"}],"twitter_card":"summary_large_image","twitter_site":"@cnrs","twitter_misc":{"Est. reading time":"4 minutes"},"schema":{"@context":"https:\/\/schema.org","@graph":[{"@type":"WebPage","@id":"https:\/\/sagascience.com\/leonard-de-vinci\/sources-credits\/","url":"https:\/\/sagascience.com\/leonard-de-vinci\/sources-credits\/","name":"Sources et cr\u00e9dits ~ Dans les carnets de L\u00e9onard 500 ans apr\u00e8s","isPartOf":{"@id":"https:\/\/sagascience.com\/leonard-de-vinci\/#website"},"datePublished":"2019-10-24T15:30:58+00:00","dateModified":"2019-11-25T09:24:15+00:00","breadcrumb":{"@id":"https:\/\/sagascience.com\/leonard-de-vinci\/sources-credits\/#breadcrumb"},"inLanguage":"fr-FR","potentialAction":[{"@type":"ReadAction","target":["https:\/\/sagascience.com\/leonard-de-vinci\/sources-credits\/"]}]},{"@type":"BreadcrumbList","@id":"https:\/\/sagascience.com\/leonard-de-vinci\/sources-credits\/#breadcrumb","itemListElement":[{"@type":"ListItem","position":1,"name":"Home","item":"https:\/\/sagascience.com\/leonard-de-vinci\/"},{"@type":"ListItem","position":2,"name":"Sources et cr\u00e9dits"}]},{"@type":"WebSite","@id":"https:\/\/sagascience.com\/leonard-de-vinci\/#website","url":"https:\/\/sagascience.com\/leonard-de-vinci\/","name":"Dans les carnets de L\u00e9onard 500 ans apr\u00e8s","description":"SagaScience","potentialAction":[{"@type":"SearchAction","target":{"@type":"EntryPoint","urlTemplate":"https:\/\/sagascience.com\/leonard-de-vinci\/?s={search_term_string}"},"query-input":"required name=search_term_string"}],"inLanguage":"fr-FR"}]}},"_links":{"self":[{"href":"https:\/\/sagascience.com\/leonard-de-vinci\/wp-json\/wp\/v2\/pages\/556"}],"collection":[{"href":"https:\/\/sagascience.com\/leonard-de-vinci\/wp-json\/wp\/v2\/pages"}],"about":[{"href":"https:\/\/sagascience.com\/leonard-de-vinci\/wp-json\/wp\/v2\/types\/page"}],"author":[{"embeddable":true,"href":"https:\/\/sagascience.com\/leonard-de-vinci\/wp-json\/wp\/v2\/users\/1"}],"replies":[{"embeddable":true,"href":"https:\/\/sagascience.com\/leonard-de-vinci\/wp-json\/wp\/v2\/comments?post=556"}],"version-history":[{"count":0,"href":"https:\/\/sagascience.com\/leonard-de-vinci\/wp-json\/wp\/v2\/pages\/556\/revisions"}],"wp:attachment":[{"href":"https:\/\/sagascience.com\/leonard-de-vinci\/wp-json\/wp\/v2\/media?parent=556"}],"curies":[{"name":"wp","href":"https:\/\/api.w.org\/{rel}","templated":true}]}}