{"id":12,"date":"2019-10-23T00:19:43","date_gmt":"2019-10-22T22:19:43","guid":{"rendered":"https:\/\/sagascience.com\/leonard-de-vinci\/?page_id=12"},"modified":"2019-10-24T17:43:17","modified_gmt":"2019-10-24T15:43:17","slug":"donnees-personnelles","status":"publish","type":"page","link":"https:\/\/sagascience.com\/leonard-de-vinci\/donnees-personnelles\/","title":{"rendered":"Donn\u00e9es personnelles"},"content":{"rendered":"\n<h2 class=\"wp-block-heading\">R\u00e8glement g\u00e9n\u00e9ral sur la protection des donn\u00e9es (RGPD)<\/h2>\n\n\n\n<p>Le CNRS, en sa qualit\u00e9 de responsable de traitement, vous informe que vos donn\u00e9es font l\u2019objet d\u2019un traitement. Lorsque certaines informations sont obligatoires pour acc\u00e9der \u00e0 des fonctionnalit\u00e9s sp\u00e9cifiques du site, ce caract\u00e8re obligatoire est indiqu\u00e9 au moment de la collecte de la saisie des donn\u00e9es. En cas de refus de votre part de fournir des informations obligatoires, vous pourriez ne pas avoir acc\u00e8s \u00e0 certains services.<\/p>\n\n\n\n<h4 class=\"wp-block-heading\">Donn\u00e9es \u00e0 caract\u00e8re personnel enregistr\u00e9es<\/h4>\n\n\n\n<p>Des donn\u00e9es \u00e0 caract\u00e8re personnel sont susceptibles d\u2019\u00eatre collect\u00e9es par la&nbsp;Direction de la communication&nbsp;du CNRS, 3 rue Michel-Ange, 75016 PARIS ainsi que par la&nbsp;DPD&nbsp;(d\u00e9l\u00e9gu\u00e9e \u00e0 la protection des donn\u00e9es), 17, rue notre Dame des Pauvres, 54519 VANDOEUVRE L\u00c8S NANCY Cedex.<\/p>\n\n\n\n<p>Les adresses IP recueillies \u00e0 des fins statistiques par le logiciel MATOMO sont anonymis\u00e9es, c\u2019est-\u00e0-dire que l\u2019on conservera les deux premiers octets d\u2019une adresse IP. Ce processus emp\u00eache de remonter \u00e0 une personne physique.<\/p>\n\n\n\n<p><strong>Type de donn\u00e9es collect\u00e9es :<\/strong><\/p>\n\n\n\n<ul><li>Nom<\/li><li>Pr\u00e9nom<\/li><li>Adresse e-mail<\/li><\/ul>\n\n\n\n<p><strong>Destinataires des donn\u00e9es<\/strong><br> Ces donn\u00e9es sont accessibles par :<\/p>\n\n\n\n<ul><li>Webmestres, administrateurs du site <a href=\"http:\/\/sagascience.cnrs.fr\/\" target=\"_blank\" rel=\"noreferrer noopener\" aria-label=\"sagascience.cnrs.fr (s\u2019ouvre dans un nouvel onglet)\">sagascience.cnrs.fr<\/a><\/li><li>Contributeurs authentifi\u00e9s du site sagascience (R\u00e9dactrice en chef et r\u00e9dacteurs)<\/li><\/ul>\n\n\n\n<p><strong>Dur\u00e9e de conservation des donn\u00e9es<\/strong><br> Elles sont conserv\u00e9es pour une dur\u00e9e de :<\/p>\n\n\n\n<ul><li>Au bout de trois ans d\u2019inactivit\u00e9, les donn\u00e9es personnelles sont supprim\u00e9es dans le cadre du droit \u00e0 l\u2019oubli.<\/li><li>Cinq ans maximum, pour les contributeurs authentifi\u00e9s ne faisant plus partie du personnel.<\/li><\/ul>\n\n\n\n<p><strong>Transfert des donn\u00e9es hors de l\u2019Union Europ\u00e9enne<\/strong><br>Les sites CNRS\/sagascience sont h\u00e9berg\u00e9s sur la plateforme d\u2019<a rel=\"noreferrer noopener\" aria-label=\"Infomaniak Network SA (s\u2019ouvre dans un nouvel onglet)\" href=\"https:\/\/www.infomaniak.com\/fr\" target=\"_blank\">Infomaniak Network SA<\/a>, en Suisse. La&nbsp;d\u00e9cision d\u2019ad\u00e9quation 2000\/518\/CE du 26-07-2000&nbsp;de l\u2019Union Europ\u00e9enne reconna\u00eet la Suisse comme \u00e9tant un pays offrant un niveau suffisant de protection des donn\u00e9es \u00e0 caract\u00e8re personnel.<br>Certifi\u00e9 ISO 27001, Infomaniak con\u00e7oit et g\u00e8re enti\u00e8rement ses centres de donn\u00e9es localis\u00e9s en Suisse. L\u2019emplacement de ses datacenter, dont l\u2019acc\u00e8s physique dispose d\u2019un acc\u00e8s s\u00e9curis\u00e9 toute l\u2019ann\u00e9e, est confidentiel et n\u2019est divulgu\u00e9 \u00e0 aucun tiers.<br>Vous pouvez vous rendre sur <a href=\"https:\/\/www.infomaniak.com\/fr\" target=\"_blank\" rel=\"noreferrer noopener\" aria-label=\"le site d\u2019Infomaniak (s\u2019ouvre dans un nouvel onglet)\">le site d\u2019Infomaniak<\/a>&nbsp;pour plus d\u2019informations concernant la s\u00e9curisation des donn\u00e9es et des infrastructures.<\/p>\n\n\n\n<h4 class=\"wp-block-heading\">Droits des personnes<\/h4>\n\n\n\n<p>Conform\u00e9ment aux dispositions l\u00e9gales et r\u00e8glementaires applicables, en particulier la loi n\u00b078-17 du 6 janvier modifi\u00e9e relative \u00e0 l\u2019informatique, aux fichiers et aux libert\u00e9s et le r\u00e8glement europ\u00e9en n\u00b0 2016\/679\/UE du 27 avril 2016 (applicable depuis le 25 mai 2018), vous disposez des droits suivants&nbsp;:<\/p>\n\n\n\n<p><strong>1\/ Contributeur authentifi\u00e9 :<\/strong><\/p>\n\n\n\n<ul><li>Mettre \u00e0 jour ou supprimer vos donn\u00e9es en vous connectant \u00e0 votre compte et en configurant ses param\u00e8tres&nbsp;;<\/li><\/ul>\n\n\n\n<p><strong>2\/ Utilisateur :<\/strong><\/p>\n\n\n\n<ul><li>Exercer votre droit d\u2019acc\u00e8s, pour conna\u00eetre les donn\u00e9es personnelles qui vous concernent&nbsp;;<\/li><li>Demander la mise \u00e0 jour de vos donn\u00e9es, si elles sont inexactes&nbsp;;<\/li><li>Demander la portabilit\u00e9 ou la suppression de vos donn\u00e9es&nbsp;;<\/li><li>Demander la suppression de votre compte&nbsp;;<\/li><li>Demander la limitation du traitement de vos donn\u00e9es&nbsp;;<\/li><li>Vous opposer, pour des motifs l\u00e9gitimes, au traitement de vos donn\u00e9es&nbsp;;<\/li><li><a href=\"https:\/\/sagascience.com\/mendeleiev\/contact\/\" target=\"_blank\" rel=\"noreferrer noopener\" aria-label=\"Retirer votre consentement au traitement de vos donn\u00e9es (s\u2019ouvre dans un nouvel onglet)\">Retirer votre consentement au traitement de vos donn\u00e9es<\/a>.<\/li><\/ul>\n\n\n\n<p><a href=\"mailto:agence@baltazare.fr\">Contacter le webmestre du site<\/a><\/p>\n\n\n\n<h4 class=\"wp-block-heading\">Recours aupr\u00e8s de notre d\u00e9l\u00e9gu\u00e9(e) \u00e0 la protection des donn\u00e9es<\/h4>\n\n\n\n<p>Vous avez \u00e9galement la possibilit\u00e9 d\u2019introduire un recours aupr\u00e8s de notre d\u00e9l\u00e9gu\u00e9(e) \u00e0 la protection des donn\u00e9es, soit en ligne, soit par voie postale :<\/p>\n\n\n\n<p>DPD<br>17 rue Notre Dame des Pauvres<br>54519 Vandoeuvre l\u00e8s Nancy Cedex<\/p>\n\n\n\n<p>Contacter la DPD&nbsp;: <a href=\"mailto:dpd.demandes@cnrs.fr\">dpd.demandes@cnrs.fr<\/a><\/p>\n\n\n\n<p><strong>Droit d\u2019introduire une r\u00e9clamation<\/strong><br>Si vous estimez, apr\u00e8s nous avoir contact\u00e9s, que vos droits Informatique et Libert\u00e9s ne sont pas respect\u00e9s, vous avez la possibilit\u00e9 d\u2019introduire une r\u00e9clamation en ligne aupr\u00e8s de la&nbsp;<a href=\"https:\/\/www.cnil.fr\/\">CNIL<\/a>&nbsp;ou par courrier postal&nbsp;:<\/p>\n\n\n\n<p>CNIL<br>3 Place de Fontenoy<br>75007 Paris<\/p>\n","protected":false},"excerpt":{"rendered":"<p>R\u00e8glement g\u00e9n\u00e9ral sur la protection des donn\u00e9es (RGPD) Le CNRS, en sa qualit\u00e9 de responsable de traitement, vous informe que vos donn\u00e9es font l\u2019objet d\u2019un traitement. Lorsque certaines informations sont obligatoires pour acc\u00e9der \u00e0 des fonctionnalit\u00e9s sp\u00e9cifiques du site, ce caract\u00e8re obligatoire est indiqu\u00e9 au moment de la collecte de la saisie des donn\u00e9es. En [&hellip;]<\/p>\n","protected":false},"author":1,"featured_media":0,"parent":0,"menu_order":0,"comment_status":"closed","ping_status":"closed","template":"","meta":{"footnotes":""},"yoast_head":"<!-- This site is optimized with the Yoast SEO plugin v21.9.1 - https:\/\/yoast.com\/wordpress\/plugins\/seo\/ -->\n<title>Donn\u00e9es personnelles ~ Dans les carnets de L\u00e9onard 500 ans apr\u00e8s<\/title>\n<meta name=\"robots\" content=\"noindex, follow\" \/>\n<meta property=\"og:locale\" content=\"fr_FR\" \/>\n<meta property=\"og:type\" content=\"article\" \/>\n<meta property=\"og:title\" content=\"Donn\u00e9es personnelles ~ Dans les carnets de L\u00e9onard 500 ans apr\u00e8s\" \/>\n<meta property=\"og:description\" content=\"R\u00e8glement g\u00e9n\u00e9ral sur la protection des donn\u00e9es (RGPD) Le CNRS, en sa qualit\u00e9 de responsable de traitement, vous informe que vos donn\u00e9es font l\u2019objet d\u2019un traitement. Lorsque certaines informations sont obligatoires pour acc\u00e9der \u00e0 des fonctionnalit\u00e9s sp\u00e9cifiques du site, ce caract\u00e8re obligatoire est indiqu\u00e9 au moment de la collecte de la saisie des donn\u00e9es. En [&hellip;]\" \/>\n<meta property=\"og:url\" content=\"https:\/\/sagascience.com\/leonard-de-vinci\/donnees-personnelles\/\" \/>\n<meta property=\"og:site_name\" content=\"Dans les carnets de L\u00e9onard 500 ans apr\u00e8s\" \/>\n<meta property=\"article:publisher\" content=\"https:\/\/www.facebook.com\/cnrs.fr\/\" \/>\n<meta property=\"article:modified_time\" content=\"2019-10-24T15:43:17+00:00\" \/>\n<meta property=\"og:image\" content=\"https:\/\/sagascience.com\/leonard-de-vinci\/wp-content\/uploads\/2019\/10\/ldv-share.jpg\" \/>\n\t<meta property=\"og:image:width\" content=\"1200\" \/>\n\t<meta property=\"og:image:height\" content=\"630\" \/>\n\t<meta property=\"og:image:type\" content=\"image\/jpeg\" \/>\n<meta name=\"twitter:card\" content=\"summary_large_image\" \/>\n<meta name=\"twitter:site\" content=\"@cnrs\" \/>\n<meta name=\"twitter:label1\" content=\"Est. reading time\" \/>\n\t<meta name=\"twitter:data1\" content=\"3 minutes\" \/>\n<script type=\"application\/ld+json\" class=\"yoast-schema-graph\">{\"@context\":\"https:\/\/schema.org\",\"@graph\":[{\"@type\":\"WebPage\",\"@id\":\"https:\/\/sagascience.com\/leonard-de-vinci\/donnees-personnelles\/\",\"url\":\"https:\/\/sagascience.com\/leonard-de-vinci\/donnees-personnelles\/\",\"name\":\"Donn\u00e9es personnelles ~ Dans les carnets de L\u00e9onard 500 ans apr\u00e8s\",\"isPartOf\":{\"@id\":\"https:\/\/sagascience.com\/leonard-de-vinci\/#website\"},\"datePublished\":\"2019-10-22T22:19:43+00:00\",\"dateModified\":\"2019-10-24T15:43:17+00:00\",\"breadcrumb\":{\"@id\":\"https:\/\/sagascience.com\/leonard-de-vinci\/donnees-personnelles\/#breadcrumb\"},\"inLanguage\":\"fr-FR\",\"potentialAction\":[{\"@type\":\"ReadAction\",\"target\":[\"https:\/\/sagascience.com\/leonard-de-vinci\/donnees-personnelles\/\"]}]},{\"@type\":\"BreadcrumbList\",\"@id\":\"https:\/\/sagascience.com\/leonard-de-vinci\/donnees-personnelles\/#breadcrumb\",\"itemListElement\":[{\"@type\":\"ListItem\",\"position\":1,\"name\":\"Home\",\"item\":\"https:\/\/sagascience.com\/leonard-de-vinci\/\"},{\"@type\":\"ListItem\",\"position\":2,\"name\":\"Donn\u00e9es personnelles\"}]},{\"@type\":\"WebSite\",\"@id\":\"https:\/\/sagascience.com\/leonard-de-vinci\/#website\",\"url\":\"https:\/\/sagascience.com\/leonard-de-vinci\/\",\"name\":\"Dans les carnets de L\u00e9onard 500 ans apr\u00e8s\",\"description\":\"SagaScience\",\"potentialAction\":[{\"@type\":\"SearchAction\",\"target\":{\"@type\":\"EntryPoint\",\"urlTemplate\":\"https:\/\/sagascience.com\/leonard-de-vinci\/?s={search_term_string}\"},\"query-input\":\"required name=search_term_string\"}],\"inLanguage\":\"fr-FR\"}]}<\/script>\n<!-- \/ Yoast SEO plugin. -->","yoast_head_json":{"title":"Donn\u00e9es personnelles ~ Dans les carnets de L\u00e9onard 500 ans apr\u00e8s","robots":{"index":"noindex","follow":"follow"},"og_locale":"fr_FR","og_type":"article","og_title":"Donn\u00e9es personnelles ~ Dans les carnets de L\u00e9onard 500 ans apr\u00e8s","og_description":"R\u00e8glement g\u00e9n\u00e9ral sur la protection des donn\u00e9es (RGPD) Le CNRS, en sa qualit\u00e9 de responsable de traitement, vous informe que vos donn\u00e9es font l\u2019objet d\u2019un traitement. Lorsque certaines informations sont obligatoires pour acc\u00e9der \u00e0 des fonctionnalit\u00e9s sp\u00e9cifiques du site, ce caract\u00e8re obligatoire est indiqu\u00e9 au moment de la collecte de la saisie des donn\u00e9es. En [&hellip;]","og_url":"https:\/\/sagascience.com\/leonard-de-vinci\/donnees-personnelles\/","og_site_name":"Dans les carnets de L\u00e9onard 500 ans apr\u00e8s","article_publisher":"https:\/\/www.facebook.com\/cnrs.fr\/","article_modified_time":"2019-10-24T15:43:17+00:00","og_image":[{"width":1200,"height":630,"url":"https:\/\/sagascience.com\/leonard-de-vinci\/wp-content\/uploads\/2019\/10\/ldv-share.jpg","type":"image\/jpeg"}],"twitter_card":"summary_large_image","twitter_site":"@cnrs","twitter_misc":{"Est. reading time":"3 minutes"},"schema":{"@context":"https:\/\/schema.org","@graph":[{"@type":"WebPage","@id":"https:\/\/sagascience.com\/leonard-de-vinci\/donnees-personnelles\/","url":"https:\/\/sagascience.com\/leonard-de-vinci\/donnees-personnelles\/","name":"Donn\u00e9es personnelles ~ Dans les carnets de L\u00e9onard 500 ans apr\u00e8s","isPartOf":{"@id":"https:\/\/sagascience.com\/leonard-de-vinci\/#website"},"datePublished":"2019-10-22T22:19:43+00:00","dateModified":"2019-10-24T15:43:17+00:00","breadcrumb":{"@id":"https:\/\/sagascience.com\/leonard-de-vinci\/donnees-personnelles\/#breadcrumb"},"inLanguage":"fr-FR","potentialAction":[{"@type":"ReadAction","target":["https:\/\/sagascience.com\/leonard-de-vinci\/donnees-personnelles\/"]}]},{"@type":"BreadcrumbList","@id":"https:\/\/sagascience.com\/leonard-de-vinci\/donnees-personnelles\/#breadcrumb","itemListElement":[{"@type":"ListItem","position":1,"name":"Home","item":"https:\/\/sagascience.com\/leonard-de-vinci\/"},{"@type":"ListItem","position":2,"name":"Donn\u00e9es personnelles"}]},{"@type":"WebSite","@id":"https:\/\/sagascience.com\/leonard-de-vinci\/#website","url":"https:\/\/sagascience.com\/leonard-de-vinci\/","name":"Dans les carnets de L\u00e9onard 500 ans apr\u00e8s","description":"SagaScience","potentialAction":[{"@type":"SearchAction","target":{"@type":"EntryPoint","urlTemplate":"https:\/\/sagascience.com\/leonard-de-vinci\/?s={search_term_string}"},"query-input":"required name=search_term_string"}],"inLanguage":"fr-FR"}]}},"_links":{"self":[{"href":"https:\/\/sagascience.com\/leonard-de-vinci\/wp-json\/wp\/v2\/pages\/12"}],"collection":[{"href":"https:\/\/sagascience.com\/leonard-de-vinci\/wp-json\/wp\/v2\/pages"}],"about":[{"href":"https:\/\/sagascience.com\/leonard-de-vinci\/wp-json\/wp\/v2\/types\/page"}],"author":[{"embeddable":true,"href":"https:\/\/sagascience.com\/leonard-de-vinci\/wp-json\/wp\/v2\/users\/1"}],"replies":[{"embeddable":true,"href":"https:\/\/sagascience.com\/leonard-de-vinci\/wp-json\/wp\/v2\/comments?post=12"}],"version-history":[{"count":0,"href":"https:\/\/sagascience.com\/leonard-de-vinci\/wp-json\/wp\/v2\/pages\/12\/revisions"}],"wp:attachment":[{"href":"https:\/\/sagascience.com\/leonard-de-vinci\/wp-json\/wp\/v2\/media?parent=12"}],"curies":[{"name":"wp","href":"https:\/\/api.w.org\/{rel}","templated":true}]}}